{"id":1193,"date":"2018-10-17T18:15:20","date_gmt":"2018-10-17T16:15:20","guid":{"rendered":"http:\/\/staging.loesch-ght.de\/legal-notice\/"},"modified":"2022-08-11T12:03:00","modified_gmt":"2022-08-11T10:03:00","slug":"legal-notice","status":"publish","type":"page","link":"https:\/\/www.loesch-ght.de\/en\/legal-notice\/","title":{"rendered":"Legal Notice"},"content":{"rendered":"<h2>Information pursuant to \u00a7 5 German Teleservices Act:<\/h2>\n<p>L\u00d6SCH GmbH<br \/>\nAm Neuweiher 2<br \/>\n91564 Neuendettelsau<\/p>\n<h2>Represented by:<\/h2>\n<p>Herbert L\u00d6SCH<\/p>\n<h2>Contact:<\/h2>\n<p>Phone: +49 9874 507239-0<br \/>\nFax: +49 9874 507239-90<br \/>\nE-Mail: info@loesch-ght.de<\/p>\n<h2>Registry entry:<\/h2>\n<p>Entry in the Register of Companies<\/p>\n<p>Registration court: Amtsgericht Ansbach<br \/>\nRegistry number: HRB 2673<\/p>\n<h2>VAT ID:<\/h2>\n<p>VAT identification number per \u00a727 a\u00a0Value Added Tax Act:\u00a0DE 812379413<\/p>\n<h2>Responsible for content according to \u00a7 55(2)\u00a0Interstate Broadcasting Agreement (RStV):<\/h2>\n<p>Herbert L\u00d6SCH<br \/>\nAm Neuweiher 2<br \/>\nD-91564 Neuendettelsau<\/p>\n<h2>Dispute Resolution<\/h2>\n<p>The European Commission provides a platform for\u00a0online dispute resolution (ODR): <a href=\"https:\/\/ec.europa.eu\/consumers\/odr\" target=\"_blank\" rel=\"noopener\">https:\/\/ec.europa.eu\/consumers\/odr<\/a><br \/>\nOur e-mail address is listed at the top of our\u00a0legal notice.<\/p>\n<p>We are not willing or obligated to partake in dispute resolution\u00a0before a consumer arbitration service.<\/p>\n<h2>Liability for content<\/h2>\n<p>According to \u00a7 7(1) German Teleservices Act (TMG), as a service provider we are liable\u00a0for our own content on this website according to general legislation. However, according to \u00a7\u00a7 8 to 10 German<br \/>\nTeleservices Act (TMG), we, as a service provider, are not obligated to monitor transmitted\u00a0or saved external information or to investigate circumstances which indicate\u00a0illegal activities.<\/p>\n<p>Obligations to remove or block the use of information in accordance with general\u00a0legislation shall remain unaffected. Any liability in this respect is however\u00a0only possible from the moment that knowledge of the specific breach of law is obtained. If we become aware\u00a0of any such corresponding infringements, we will immediately remove such content.<\/p>\n<h2>Liability for links<\/h2>\n<p>Our offer contains links to external websites of third parties,\u00a0the contents of which are beyond our control. Therefore we cannot assume any guarantee for\u00a0such third party contents. The respective provider or operator of the linked websites\u00a0is always responsible for the content of these pages. The linked pages were checked for possible violations\u00a0of law at the time of the placing of the link. Illegal contents\u00a0were not obvious at the time the link was placed.<\/p>\n<p>However, permanent monitoring of the\u00a0content on the linked pages is not reasonable without specific evidence indicating an infringement. As soon<br \/>\nas we become aware of legal violations we will remove such links immediately.<\/p>\n<h2>Copyright<\/h2>\n<p>The contents and works on these pages created by the site operator\u00a0are subject to German copyright law. Any duplication, processing, distribution, or any\u00a0other use not permitted under copyright law requires the written consent of the\u00a0respective author or creator. These pages may only be downloaded or copied for\u00a0private, non-commercial use.<\/p>\n<p>Insofar as the service provider has not\u00a0compiled the contents of this site, the copyrights of third parties must be observed. Third-party contents are specifically\u00a0identified as such. However, please notify us if you become aware\u00a0of copyright infringement. If such infringements of the law\u00a0become known we will remove such contents immediately.<\/p>\n<p>Source: <a href=\"https:\/\/www.e-recht24.de\" target=\"_blank\" rel=\"noopener\">e-recht24.de<\/a><\/p>\n","protected":false},"excerpt":{"rendered":"<p>Information pursuant to \u00a7 5 German Teleservices Act: L\u00d6SCH GmbH Am Neuweiher 2 91564 Neuendettelsau Represented by: Herbert L\u00d6SCH Contact: Phone: +49 9874 507239-0 Fax: +49 9874 507239-90 E-Mail: info@loesch-ght.de Registry entry: Entry in the Register of Companies Registration court: Amtsgericht Ansbach Registry number: HRB&#8230;<\/p>\n","protected":false},"author":1,"featured_media":0,"parent":0,"menu_order":0,"comment_status":"closed","ping_status":"closed","template":"","meta":{"footnotes":""},"class_list":["post-1193","page","type-page","status-publish","hentry"],"yoast_head":"<!-- This site is optimized with the Yoast SEO plugin v27.5 - https:\/\/yoast.com\/product\/yoast-seo-wordpress\/ -->\n<title>Legal Notice &#8212; L\u00d6SCH GmbH - Ihr Spritzguss Experte. Silikonspritzguss, Kunststoffspritzteile und optische Bauelemente von L\u00d6SCH<\/title>\n<meta name=\"robots\" content=\"index, follow, max-snippet:-1, max-image-preview:large, max-video-preview:-1\" \/>\n<link rel=\"canonical\" href=\"https:\/\/www.loesch-ght.de\/en\/legal-notice\/\" \/>\n<meta property=\"og:locale\" content=\"en_US\" \/>\n<meta property=\"og:type\" content=\"article\" \/>\n<meta property=\"og:title\" content=\"Legal Notice &#8212; L\u00d6SCH GmbH - Ihr Spritzguss Experte. Silikonspritzguss, Kunststoffspritzteile und optische Bauelemente von L\u00d6SCH\" \/>\n<meta property=\"og:description\" content=\"Information pursuant to \u00a7 5 German Teleservices Act: L\u00d6SCH GmbH Am Neuweiher 2 91564 Neuendettelsau Represented by: Herbert L\u00d6SCH Contact: Phone: +49 9874 507239-0 Fax: +49 9874 507239-90 E-Mail: info@loesch-ght.de Registry entry: Entry in the Register of Companies Registration court: Amtsgericht Ansbach Registry number: HRB...\" \/>\n<meta property=\"og:url\" content=\"https:\/\/www.loesch-ght.de\/en\/legal-notice\/\" \/>\n<meta property=\"og:site_name\" content=\"L\u00d6SCH GmbH - Ihr Spritzguss Experte. Silikonspritzguss, Kunststoffspritzteile und optische Bauelemente von L\u00d6SCH\" \/>\n<meta property=\"article:publisher\" content=\"https:\/\/www.facebook.com\/loeschgmbh\/\" \/>\n<meta property=\"article:modified_time\" content=\"2022-08-11T10:03:00+00:00\" \/>\n<meta name=\"twitter:card\" content=\"summary_large_image\" \/>\n<meta name=\"twitter:label1\" content=\"Est. reading time\" \/>\n\t<meta name=\"twitter:data1\" content=\"3 minutes\" \/>\n<script type=\"application\/ld+json\" class=\"yoast-schema-graph\">{\"@context\":\"https:\\\/\\\/schema.org\",\"@graph\":[{\"@type\":\"WebPage\",\"@id\":\"https:\\\/\\\/www.loesch-ght.de\\\/en\\\/legal-notice\\\/\",\"url\":\"https:\\\/\\\/www.loesch-ght.de\\\/en\\\/legal-notice\\\/\",\"name\":\"Legal Notice &#8212; L\u00d6SCH GmbH - Ihr Spritzguss Experte. Silikonspritzguss, Kunststoffspritzteile und optische Bauelemente von L\u00d6SCH\",\"isPartOf\":{\"@id\":\"https:\\\/\\\/www.loesch-ght.de\\\/en\\\/#website\"},\"datePublished\":\"2018-10-17T16:15:20+00:00\",\"dateModified\":\"2022-08-11T10:03:00+00:00\",\"breadcrumb\":{\"@id\":\"https:\\\/\\\/www.loesch-ght.de\\\/en\\\/legal-notice\\\/#breadcrumb\"},\"inLanguage\":\"en-US\",\"potentialAction\":[{\"@type\":\"ReadAction\",\"target\":[\"https:\\\/\\\/www.loesch-ght.de\\\/en\\\/legal-notice\\\/\"]}]},{\"@type\":\"BreadcrumbList\",\"@id\":\"https:\\\/\\\/www.loesch-ght.de\\\/en\\\/legal-notice\\\/#breadcrumb\",\"itemListElement\":[{\"@type\":\"ListItem\",\"position\":1,\"name\":\"Startseite\",\"item\":\"https:\\\/\\\/www.loesch-ght.de\\\/en\\\/\"},{\"@type\":\"ListItem\",\"position\":2,\"name\":\"Legal Notice\"}]},{\"@type\":\"WebSite\",\"@id\":\"https:\\\/\\\/www.loesch-ght.de\\\/en\\\/#website\",\"url\":\"https:\\\/\\\/www.loesch-ght.de\\\/en\\\/\",\"name\":\"L\u00d6SCH GmbH - Ihr Spritzguss Experte. Silikonspritzguss, Kunststoffspritzteile und optische Bauelemente von L\u00d6SCH\",\"description\":\"Spritzguss ist unsere Leidenschaft. Wir stellen f\u00fcr Sie Silikonspritzgussteile, Kunststoffspritzteile und optische Bauelemente aus Silikon und Kunststoffen her. Auf Anfrage fertigen wir die Kunststoffteile gem\u00e4\u00df Ihren Angaben, als Einzelst\u00fcck oder vom Prototyp bis zur Serienfertigung.\",\"publisher\":{\"@id\":\"https:\\\/\\\/www.loesch-ght.de\\\/en\\\/#organization\"},\"potentialAction\":[{\"@type\":\"SearchAction\",\"target\":{\"@type\":\"EntryPoint\",\"urlTemplate\":\"https:\\\/\\\/www.loesch-ght.de\\\/en\\\/?s={search_term_string}\"},\"query-input\":{\"@type\":\"PropertyValueSpecification\",\"valueRequired\":true,\"valueName\":\"search_term_string\"}}],\"inLanguage\":\"en-US\"},{\"@type\":\"Organization\",\"@id\":\"https:\\\/\\\/www.loesch-ght.de\\\/en\\\/#organization\",\"name\":\"L\u00d6SCH GmbH\",\"url\":\"https:\\\/\\\/www.loesch-ght.de\\\/en\\\/\",\"logo\":{\"@type\":\"ImageObject\",\"inLanguage\":\"en-US\",\"@id\":\"https:\\\/\\\/www.loesch-ght.de\\\/en\\\/#\\\/schema\\\/logo\\\/image\\\/\",\"url\":\"https:\\\/\\\/cdn.loesch-ght.de\\\/wp-content\\\/uploads\\\/2018\\\/03\\\/loesch-fb-logo.jpg\",\"contentUrl\":\"https:\\\/\\\/cdn.loesch-ght.de\\\/wp-content\\\/uploads\\\/2018\\\/03\\\/loesch-fb-logo.jpg\",\"width\":200,\"height\":200,\"caption\":\"L\u00d6SCH GmbH\"},\"image\":{\"@id\":\"https:\\\/\\\/www.loesch-ght.de\\\/en\\\/#\\\/schema\\\/logo\\\/image\\\/\"},\"sameAs\":[\"https:\\\/\\\/www.facebook.com\\\/loeschgmbh\\\/\"]}]}<\/script>\n<!-- \/ Yoast SEO plugin. -->","yoast_head_json":{"title":"Legal Notice &#8212; L\u00d6SCH GmbH - Ihr Spritzguss Experte. Silikonspritzguss, Kunststoffspritzteile und optische Bauelemente von L\u00d6SCH","robots":{"index":"index","follow":"follow","max-snippet":"max-snippet:-1","max-image-preview":"max-image-preview:large","max-video-preview":"max-video-preview:-1"},"canonical":"https:\/\/www.loesch-ght.de\/en\/legal-notice\/","og_locale":"en_US","og_type":"article","og_title":"Legal Notice &#8212; L\u00d6SCH GmbH - Ihr Spritzguss Experte. Silikonspritzguss, Kunststoffspritzteile und optische Bauelemente von L\u00d6SCH","og_description":"Information pursuant to \u00a7 5 German Teleservices Act: L\u00d6SCH GmbH Am Neuweiher 2 91564 Neuendettelsau Represented by: Herbert L\u00d6SCH Contact: Phone: +49 9874 507239-0 Fax: +49 9874 507239-90 E-Mail: info@loesch-ght.de Registry entry: Entry in the Register of Companies Registration court: Amtsgericht Ansbach Registry number: HRB...","og_url":"https:\/\/www.loesch-ght.de\/en\/legal-notice\/","og_site_name":"L\u00d6SCH GmbH - Ihr Spritzguss Experte. Silikonspritzguss, Kunststoffspritzteile und optische Bauelemente von L\u00d6SCH","article_publisher":"https:\/\/www.facebook.com\/loeschgmbh\/","article_modified_time":"2022-08-11T10:03:00+00:00","twitter_card":"summary_large_image","twitter_misc":{"Est. reading time":"3 minutes"},"schema":{"@context":"https:\/\/schema.org","@graph":[{"@type":"WebPage","@id":"https:\/\/www.loesch-ght.de\/en\/legal-notice\/","url":"https:\/\/www.loesch-ght.de\/en\/legal-notice\/","name":"Legal Notice &#8212; L\u00d6SCH GmbH - Ihr Spritzguss Experte. Silikonspritzguss, Kunststoffspritzteile und optische Bauelemente von L\u00d6SCH","isPartOf":{"@id":"https:\/\/www.loesch-ght.de\/en\/#website"},"datePublished":"2018-10-17T16:15:20+00:00","dateModified":"2022-08-11T10:03:00+00:00","breadcrumb":{"@id":"https:\/\/www.loesch-ght.de\/en\/legal-notice\/#breadcrumb"},"inLanguage":"en-US","potentialAction":[{"@type":"ReadAction","target":["https:\/\/www.loesch-ght.de\/en\/legal-notice\/"]}]},{"@type":"BreadcrumbList","@id":"https:\/\/www.loesch-ght.de\/en\/legal-notice\/#breadcrumb","itemListElement":[{"@type":"ListItem","position":1,"name":"Startseite","item":"https:\/\/www.loesch-ght.de\/en\/"},{"@type":"ListItem","position":2,"name":"Legal Notice"}]},{"@type":"WebSite","@id":"https:\/\/www.loesch-ght.de\/en\/#website","url":"https:\/\/www.loesch-ght.de\/en\/","name":"L\u00d6SCH GmbH - Ihr Spritzguss Experte. Silikonspritzguss, Kunststoffspritzteile und optische Bauelemente von L\u00d6SCH","description":"Spritzguss ist unsere Leidenschaft. Wir stellen f\u00fcr Sie Silikonspritzgussteile, Kunststoffspritzteile und optische Bauelemente aus Silikon und Kunststoffen her. Auf Anfrage fertigen wir die Kunststoffteile gem\u00e4\u00df Ihren Angaben, als Einzelst\u00fcck oder vom Prototyp bis zur Serienfertigung.","publisher":{"@id":"https:\/\/www.loesch-ght.de\/en\/#organization"},"potentialAction":[{"@type":"SearchAction","target":{"@type":"EntryPoint","urlTemplate":"https:\/\/www.loesch-ght.de\/en\/?s={search_term_string}"},"query-input":{"@type":"PropertyValueSpecification","valueRequired":true,"valueName":"search_term_string"}}],"inLanguage":"en-US"},{"@type":"Organization","@id":"https:\/\/www.loesch-ght.de\/en\/#organization","name":"L\u00d6SCH GmbH","url":"https:\/\/www.loesch-ght.de\/en\/","logo":{"@type":"ImageObject","inLanguage":"en-US","@id":"https:\/\/www.loesch-ght.de\/en\/#\/schema\/logo\/image\/","url":"https:\/\/cdn.loesch-ght.de\/wp-content\/uploads\/2018\/03\/loesch-fb-logo.jpg","contentUrl":"https:\/\/cdn.loesch-ght.de\/wp-content\/uploads\/2018\/03\/loesch-fb-logo.jpg","width":200,"height":200,"caption":"L\u00d6SCH GmbH"},"image":{"@id":"https:\/\/www.loesch-ght.de\/en\/#\/schema\/logo\/image\/"},"sameAs":["https:\/\/www.facebook.com\/loeschgmbh\/"]}]}},"_links":{"self":[{"href":"https:\/\/www.loesch-ght.de\/en\/wp-json\/wp\/v2\/pages\/1193","targetHints":{"allow":["GET"]}}],"collection":[{"href":"https:\/\/www.loesch-ght.de\/en\/wp-json\/wp\/v2\/pages"}],"about":[{"href":"https:\/\/www.loesch-ght.de\/en\/wp-json\/wp\/v2\/types\/page"}],"author":[{"embeddable":true,"href":"https:\/\/www.loesch-ght.de\/en\/wp-json\/wp\/v2\/users\/1"}],"replies":[{"embeddable":true,"href":"https:\/\/www.loesch-ght.de\/en\/wp-json\/wp\/v2\/comments?post=1193"}],"version-history":[{"count":4,"href":"https:\/\/www.loesch-ght.de\/en\/wp-json\/wp\/v2\/pages\/1193\/revisions"}],"predecessor-version":[{"id":1791,"href":"https:\/\/www.loesch-ght.de\/en\/wp-json\/wp\/v2\/pages\/1193\/revisions\/1791"}],"wp:attachment":[{"href":"https:\/\/www.loesch-ght.de\/en\/wp-json\/wp\/v2\/media?parent=1193"}],"curies":[{"name":"wp","href":"https:\/\/api.w.org\/{rel}","templated":true}]}}