{"id":1191,"date":"2018-10-17T18:13:31","date_gmt":"2018-10-17T16:13:31","guid":{"rendered":"http:\/\/staging.loesch-ght.de\/contact\/"},"modified":"2019-07-17T16:43:32","modified_gmt":"2019-07-17T14:43:32","slug":"contact","status":"publish","type":"page","link":"https:\/\/www.loesch-ght.de\/en\/contact\/","title":{"rendered":"Contact"},"content":{"rendered":"<p>[vc_row css_animation=&#8221;&#8221; row_type=&#8221;row&#8221; use_row_as_full_screen_section=&#8221;no&#8221; type=&#8221;full_width&#8221; angled_section=&#8221;no&#8221; text_align=&#8221;left&#8221; background_image_as_pattern=&#8221;without_pattern&#8221;][vc_column][vc_empty_space][\/vc_column][\/vc_row][vc_row css_animation=&#8221;&#8221; row_type=&#8221;row&#8221; use_row_as_full_screen_section=&#8221;no&#8221; type=&#8221;grid&#8221; angled_section=&#8221;no&#8221; text_align=&#8221;left&#8221; background_image_as_pattern=&#8221;without_pattern&#8221; z_index=&#8221;&#8221;][vc_column width=&#8221;1\/3&#8243;]<span data-type=\"circle\" data-hover-bg-color=\"#ffffff\" data-hover-icon-color=\"#2e82ea\" class=\"qode_icon_shortcode fa-stack q_font_awsome_icon_stack fa-lg pull-center \" style=\"font-size: 35px;font-size: 51px; \"><i class=\"fa fa-circle fa-stack-base fa-stack-2x\" style=\"color: #ffffff;\"><\/i><span aria-hidden=\"true\" class=\"qode_icon_font_elegant icon_pin qode_icon_element fa-stack-1x\" style=\"font-size: 35px;color: #2e82ea;\" ><\/span><\/span>[vc_empty_space height=&#8221;20px&#8221;][vc_column_text]<\/p>\n<h4 style=\"text-align: center;\">Head Office<\/h4>\n<p>[\/vc_column_text][vc_empty_space height=&#8221;14px&#8221;][vc_column_text]<br \/>\nL\u00d6SCH GmbH<br \/>\nAm Neuweiher 2<br \/>\n91564 Neuendettelsau<br \/>\n[\/vc_column_text][vc_empty_space height=&#8221;50px&#8221;][\/vc_column][vc_column width=&#8221;1\/3&#8243;]<span data-type=\"circle\" data-hover-bg-color=\"#ffffff\" data-hover-icon-color=\"#2e82ea\" class=\"qode_icon_shortcode fa-stack q_font_awsome_icon_stack fa-lg pull-center \" style=\"font-size: 35px;font-size: 51px; \"><i class=\"fa fa-circle fa-stack-base fa-stack-2x\" style=\"color: #ffffff;\"><\/i><span aria-hidden=\"true\" class=\"qode_icon_font_elegant icon_phone qode_icon_element fa-stack-1x\" style=\"font-size: 35px;color: #2e82ea;\" ><\/span><\/span>[vc_empty_space height=&#8221;20px&#8221;][vc_column_text]<\/p>\n<h4 style=\"text-align: center;\">Fon:\u00a0<span style=\"color: #2e82ea;\">+49 9874 507239-0<\/span><\/h4>\n<p>[\/vc_column_text][vc_empty_space height=&#8221;14px&#8221;][vc_column_text]<\/p>\n<p style=\"text-align: center;\">Mo \u2013 Tu 7:15 \u2013 12 :00 hours | 13 \u2013 16:15 hours<br \/>\nFr 7:15 \u2013 12 :00 hours | 13 \u2013 15:00 hours<\/p>\n<p>\u00a0[\/vc_column_text][vc_empty_space height=&#8221;50px&#8221;][\/vc_column][vc_column width=&#8221;1\/3&#8243;]<span data-type=\"circle\" data-hover-bg-color=\"#ffffff\" data-hover-icon-color=\"#2e82ea\" class=\"qode_icon_shortcode fa-stack q_font_awsome_icon_stack fa-lg pull-center \" style=\"font-size: 35px;font-size: 51px; \"><i class=\"fa fa-circle fa-stack-base fa-stack-2x\" style=\"color: #ffffff;\"><\/i><span aria-hidden=\"true\" class=\"qode_icon_font_elegant icon_mail qode_icon_element fa-stack-1x\" style=\"font-size: 35px;color: #2e82ea;\" ><\/span><\/span>[vc_empty_space height=&#8221;20px&#8221;][vc_column_text]<\/p>\n<h4 style=\"text-align: center;\">E-Mail: <span style=\"color: #2e82ea;\">info@loesch-ght.de<\/span><\/h4>\n<p>[\/vc_column_text][vc_empty_space height=&#8221;14px&#8221;][vc_column_text]<\/p>\n<p style=\"text-align: center;\">We look forward to hearing from you<\/p>\n<p>[\/vc_column_text][vc_empty_space height=&#8221;50px&#8221;][\/vc_column][\/vc_row][vc_row css_animation=&#8221;&#8221; row_type=&#8221;row&#8221; use_row_as_full_screen_section=&#8221;no&#8221; type=&#8221;grid&#8221; angled_section=&#8221;no&#8221; text_align=&#8221;left&#8221; background_image_as_pattern=&#8221;without_pattern&#8221; css=&#8221;.vc_custom_1478078331304{padding-bottom: 80px !important;}&#8221;][vc_column offset=&#8221;vc_col-lg-6 vc_col-md-6&#8243;][vc_column_text]<\/p>\n<h4>Send us a message<\/h4>\n<p>[\/vc_column_text][vc_empty_space height=&#8221;27px&#8221;][vc_empty_space height=&#8221;60px&#8221;]\n<div class=\"wpcf7 no-js\" id=\"wpcf7-f1242-o1\" lang=\"de-DE\" dir=\"ltr\" data-wpcf7-id=\"1242\">\n<div class=\"screen-reader-response\"><p role=\"status\" aria-live=\"polite\" aria-atomic=\"true\"><\/p> <ul><\/ul><\/div>\n<form action=\"\/en\/wp-json\/wp\/v2\/pages\/1191#wpcf7-f1242-o1\" method=\"post\" class=\"wpcf7-form init cf7_custom_style_2\" aria-label=\"Kontaktformular\" novalidate=\"novalidate\" data-status=\"init\">\n<fieldset class=\"hidden-fields-container\"><input type=\"hidden\" name=\"_wpcf7\" value=\"1242\" \/><input type=\"hidden\" name=\"_wpcf7_version\" value=\"6.1.5\" \/><input type=\"hidden\" name=\"_wpcf7_locale\" value=\"de_DE\" \/><input type=\"hidden\" name=\"_wpcf7_unit_tag\" value=\"wpcf7-f1242-o1\" \/><input type=\"hidden\" name=\"_wpcf7_container_post\" value=\"0\" \/><input type=\"hidden\" name=\"_wpcf7_posted_data_hash\" value=\"\" \/><input type=\"hidden\" name=\"_wpcf7_recaptcha_response\" value=\"\" \/>\n<\/fieldset>\n<p><label> Your Name<br \/>\n<span class=\"wpcf7-form-control-wrap\" data-name=\"your-name\"><input size=\"40\" maxlength=\"400\" class=\"wpcf7-form-control wpcf7-text wpcf7-validates-as-required\" aria-required=\"true\" aria-invalid=\"false\" value=\"\" type=\"text\" name=\"your-name\" \/><\/span> <\/label>\n<\/p>\n<p><label> Your E-Mail<br \/>\n<span class=\"wpcf7-form-control-wrap\" data-name=\"your-email\"><input size=\"40\" maxlength=\"400\" class=\"wpcf7-form-control wpcf7-email wpcf7-validates-as-required wpcf7-text wpcf7-validates-as-email\" aria-required=\"true\" aria-invalid=\"false\" value=\"\" type=\"email\" name=\"your-email\" \/><\/span> <\/label>\n<\/p>\n<p><label> Your Subject<br \/>\n<span class=\"wpcf7-form-control-wrap\" data-name=\"your-subject\"><input size=\"40\" maxlength=\"400\" class=\"wpcf7-form-control wpcf7-text\" aria-invalid=\"false\" value=\"\" type=\"text\" name=\"your-subject\" \/><\/span> <\/label>\n<\/p>\n<p><label> Your Message<br \/>\n<span class=\"wpcf7-form-control-wrap\" data-name=\"your-message\"><textarea cols=\"40\" rows=\"10\" maxlength=\"2000\" class=\"wpcf7-form-control wpcf7-textarea\" aria-invalid=\"false\" name=\"your-message\"><\/textarea><\/span> <\/label>\n<\/p>\n<p><input class=\"wpcf7-form-control wpcf7-submit has-spinner\" type=\"submit\" value=\"Submit\" \/>\n<\/p><div class=\"wpcf7-response-output\" aria-hidden=\"true\"><\/div>\n<\/form>\n<\/div>\n[\/vc_column][vc_column offset=&#8221;vc_col-lg-6 vc_col-md-6&#8243;][vc_column_text]<br \/>\nDirections<br \/>\n[\/vc_column_text][vc_empty_space height=&#8221;27px&#8221;][vc_empty_space height=&#8221;60px&#8221;][vc_row_inner row_type=&#8221;row&#8221; type=&#8221;full_width&#8221; text_align=&#8221;left&#8221; css_animation=&#8221;&#8221;][vc_column_inner][vc_column_text]<iframe loading=\"lazy\" src=\"https:\/\/www.google.com\/maps\/d\/u\/0\/embed?mid=1bR3-A4khNwxqzX3BrOx1VAwtx7pygh-Q\" width=\"640\" height=\"700\"><\/iframe>[\/vc_column_text][\/vc_column_inner][\/vc_row_inner][\/vc_column][\/vc_row][vc_row css_animation=&#8221;&#8221; row_type=&#8221;row&#8221; use_row_as_full_screen_section=&#8221;no&#8221; type=&#8221;grid&#8221; angled_section=&#8221;no&#8221; text_align=&#8221;center&#8221; background_image_as_pattern=&#8221;without_pattern&#8221; z_index=&#8221;&#8221;][vc_column][vc_row_inner row_type=&#8221;row&#8221; type=&#8221;full_width&#8221; text_align=&#8221;left&#8221; css_animation=&#8221;&#8221;][vc_column_inner width=&#8221;1\/4&#8243;][vc_column_text]<\/p>\n<h2>From exit A6:<\/h2>\n<p>Exit A6 at Neuendettelsau<\/p>\n<p>Turn right onto state road ST2410 toward Neuendettelsau\/Windsbach<\/p>\n<p>Continue for approx. 2 km<\/p>\n<p>Then turn right into the business park Neuendettelsau (Gewerbering)<\/p>\n<p>Take the first left onto \u201cAm Neuweiher\u201d<\/p>\n<p>Our company is located at the beginning of the street[\/vc_column_text][\/vc_column_inner][vc_column_inner width=&#8221;3\/4&#8243;][vc_single_image image=&#8221;755&#8243; img_size=&#8221;full&#8221; alignment=&#8221;right&#8221; qode_css_animation=&#8221;&#8221;][\/vc_column_inner][\/vc_row_inner][vc_empty_space][\/vc_column][\/vc_row]<\/p>\n","protected":false},"excerpt":{"rendered":"<p>[vc_row css_animation=&#8221;&#8221; row_type=&#8221;row&#8221; use_row_as_full_screen_section=&#8221;no&#8221; type=&#8221;full_width&#8221; angled_section=&#8221;no&#8221; text_align=&#8221;left&#8221; background_image_as_pattern=&#8221;without_pattern&#8221;][vc_column][vc_empty_space][\/vc_column][\/vc_row][vc_row css_animation=&#8221;&#8221; row_type=&#8221;row&#8221; use_row_as_full_screen_section=&#8221;no&#8221; type=&#8221;grid&#8221; angled_section=&#8221;no&#8221; text_align=&#8221;left&#8221; background_image_as_pattern=&#8221;without_pattern&#8221; z_index=&#8221;&#8221;][vc_column width=&#8221;1\/3&#8243;][vc_empty_space height=&#8221;20px&#8221;][vc_column_text] Head Office [\/vc_column_text][vc_empty_space height=&#8221;14px&#8221;][vc_column_text] L\u00d6SCH GmbH Am Neuweiher 2 91564 Neuendettelsau [\/vc_column_text][vc_empty_space height=&#8221;50px&#8221;][\/vc_column][vc_column width=&#8221;1\/3&#8243;][vc_empty_space height=&#8221;20px&#8221;][vc_column_text] Fon:\u00a0+49 9874 507239-0 [\/vc_column_text][vc_empty_space height=&#8221;14px&#8221;][vc_column_text] Mo \u2013 Tu 7:15 \u2013 12 :00&#8230;<\/p>\n","protected":false},"author":1,"featured_media":0,"parent":0,"menu_order":0,"comment_status":"closed","ping_status":"closed","template":"full_width.php","meta":{"footnotes":""},"class_list":["post-1191","page","type-page","status-publish","hentry"],"yoast_head":"<!-- This site is optimized with the Yoast SEO plugin v27.5 - https:\/\/yoast.com\/product\/yoast-seo-wordpress\/ -->\n<title>Contact &#8212; L\u00d6SCH GmbH - Ihr Spritzguss Experte. Silikonspritzguss, Kunststoffspritzteile und optische Bauelemente von L\u00d6SCH<\/title>\n<meta name=\"robots\" content=\"index, follow, max-snippet:-1, max-image-preview:large, max-video-preview:-1\" \/>\n<link rel=\"canonical\" href=\"https:\/\/www.loesch-ght.de\/en\/contact\/\" \/>\n<meta property=\"og:locale\" content=\"en_US\" \/>\n<meta property=\"og:type\" content=\"article\" \/>\n<meta property=\"og:title\" content=\"Contact &#8212; L\u00d6SCH GmbH - Ihr Spritzguss Experte. Silikonspritzguss, Kunststoffspritzteile und optische Bauelemente von L\u00d6SCH\" \/>\n<meta property=\"og:description\" content=\"[vc_row css_animation=&#8221;&#8221; row_type=&#8221;row&#8221; use_row_as_full_screen_section=&#8221;no&#8221; type=&#8221;full_width&#8221; angled_section=&#8221;no&#8221; text_align=&#8221;left&#8221; background_image_as_pattern=&#8221;without_pattern&#8221;][vc_column][vc_empty_space][\/vc_column][\/vc_row][vc_row css_animation=&#8221;&#8221; row_type=&#8221;row&#8221; use_row_as_full_screen_section=&#8221;no&#8221; type=&#8221;grid&#8221; angled_section=&#8221;no&#8221; text_align=&#8221;left&#8221; background_image_as_pattern=&#8221;without_pattern&#8221; z_index=&#8221;&#8221;][vc_column width=&#8221;1\/3&#8243;][vc_empty_space height=&#8221;20px&#8221;][vc_column_text] Head Office [\/vc_column_text][vc_empty_space height=&#8221;14px&#8221;][vc_column_text] L\u00d6SCH GmbH Am Neuweiher 2 91564 Neuendettelsau [\/vc_column_text][vc_empty_space height=&#8221;50px&#8221;][\/vc_column][vc_column width=&#8221;1\/3&#8243;][vc_empty_space height=&#8221;20px&#8221;][vc_column_text] Fon:\u00a0+49 9874 507239-0 [\/vc_column_text][vc_empty_space height=&#8221;14px&#8221;][vc_column_text] Mo \u2013 Tu 7:15 \u2013 12 :00...\" \/>\n<meta property=\"og:url\" content=\"https:\/\/www.loesch-ght.de\/en\/contact\/\" \/>\n<meta property=\"og:site_name\" content=\"L\u00d6SCH GmbH - Ihr Spritzguss Experte. Silikonspritzguss, Kunststoffspritzteile und optische Bauelemente von L\u00d6SCH\" \/>\n<meta property=\"article:publisher\" content=\"https:\/\/www.facebook.com\/loeschgmbh\/\" \/>\n<meta property=\"article:modified_time\" content=\"2019-07-17T14:43:32+00:00\" \/>\n<meta name=\"twitter:card\" content=\"summary_large_image\" \/>\n<meta name=\"twitter:label1\" content=\"Est. reading time\" \/>\n\t<meta name=\"twitter:data1\" content=\"3 minutes\" \/>\n<script type=\"application\/ld+json\" class=\"yoast-schema-graph\">{\"@context\":\"https:\\\/\\\/schema.org\",\"@graph\":[{\"@type\":\"WebPage\",\"@id\":\"https:\\\/\\\/www.loesch-ght.de\\\/en\\\/contact\\\/\",\"url\":\"https:\\\/\\\/www.loesch-ght.de\\\/en\\\/contact\\\/\",\"name\":\"Contact &#8212; L\u00d6SCH GmbH - Ihr Spritzguss Experte. Silikonspritzguss, Kunststoffspritzteile und optische Bauelemente von L\u00d6SCH\",\"isPartOf\":{\"@id\":\"https:\\\/\\\/www.loesch-ght.de\\\/en\\\/#website\"},\"datePublished\":\"2018-10-17T16:13:31+00:00\",\"dateModified\":\"2019-07-17T14:43:32+00:00\",\"breadcrumb\":{\"@id\":\"https:\\\/\\\/www.loesch-ght.de\\\/en\\\/contact\\\/#breadcrumb\"},\"inLanguage\":\"en-US\",\"potentialAction\":[{\"@type\":\"ReadAction\",\"target\":[\"https:\\\/\\\/www.loesch-ght.de\\\/en\\\/contact\\\/\"]}]},{\"@type\":\"BreadcrumbList\",\"@id\":\"https:\\\/\\\/www.loesch-ght.de\\\/en\\\/contact\\\/#breadcrumb\",\"itemListElement\":[{\"@type\":\"ListItem\",\"position\":1,\"name\":\"Startseite\",\"item\":\"https:\\\/\\\/www.loesch-ght.de\\\/en\\\/\"},{\"@type\":\"ListItem\",\"position\":2,\"name\":\"Contact\"}]},{\"@type\":\"WebSite\",\"@id\":\"https:\\\/\\\/www.loesch-ght.de\\\/en\\\/#website\",\"url\":\"https:\\\/\\\/www.loesch-ght.de\\\/en\\\/\",\"name\":\"L\u00d6SCH GmbH - Ihr Spritzguss Experte. Silikonspritzguss, Kunststoffspritzteile und optische Bauelemente von L\u00d6SCH\",\"description\":\"Spritzguss ist unsere Leidenschaft. Wir stellen f\u00fcr Sie Silikonspritzgussteile, Kunststoffspritzteile und optische Bauelemente aus Silikon und Kunststoffen her. Auf Anfrage fertigen wir die Kunststoffteile gem\u00e4\u00df Ihren Angaben, als Einzelst\u00fcck oder vom Prototyp bis zur Serienfertigung.\",\"publisher\":{\"@id\":\"https:\\\/\\\/www.loesch-ght.de\\\/en\\\/#organization\"},\"potentialAction\":[{\"@type\":\"SearchAction\",\"target\":{\"@type\":\"EntryPoint\",\"urlTemplate\":\"https:\\\/\\\/www.loesch-ght.de\\\/en\\\/?s={search_term_string}\"},\"query-input\":{\"@type\":\"PropertyValueSpecification\",\"valueRequired\":true,\"valueName\":\"search_term_string\"}}],\"inLanguage\":\"en-US\"},{\"@type\":\"Organization\",\"@id\":\"https:\\\/\\\/www.loesch-ght.de\\\/en\\\/#organization\",\"name\":\"L\u00d6SCH GmbH\",\"url\":\"https:\\\/\\\/www.loesch-ght.de\\\/en\\\/\",\"logo\":{\"@type\":\"ImageObject\",\"inLanguage\":\"en-US\",\"@id\":\"https:\\\/\\\/www.loesch-ght.de\\\/en\\\/#\\\/schema\\\/logo\\\/image\\\/\",\"url\":\"https:\\\/\\\/cdn.loesch-ght.de\\\/wp-content\\\/uploads\\\/2018\\\/03\\\/loesch-fb-logo.jpg\",\"contentUrl\":\"https:\\\/\\\/cdn.loesch-ght.de\\\/wp-content\\\/uploads\\\/2018\\\/03\\\/loesch-fb-logo.jpg\",\"width\":200,\"height\":200,\"caption\":\"L\u00d6SCH GmbH\"},\"image\":{\"@id\":\"https:\\\/\\\/www.loesch-ght.de\\\/en\\\/#\\\/schema\\\/logo\\\/image\\\/\"},\"sameAs\":[\"https:\\\/\\\/www.facebook.com\\\/loeschgmbh\\\/\"]}]}<\/script>\n<!-- \/ Yoast SEO plugin. -->","yoast_head_json":{"title":"Contact &#8212; L\u00d6SCH GmbH - Ihr Spritzguss Experte. Silikonspritzguss, Kunststoffspritzteile und optische Bauelemente von L\u00d6SCH","robots":{"index":"index","follow":"follow","max-snippet":"max-snippet:-1","max-image-preview":"max-image-preview:large","max-video-preview":"max-video-preview:-1"},"canonical":"https:\/\/www.loesch-ght.de\/en\/contact\/","og_locale":"en_US","og_type":"article","og_title":"Contact &#8212; L\u00d6SCH GmbH - Ihr Spritzguss Experte. Silikonspritzguss, Kunststoffspritzteile und optische Bauelemente von L\u00d6SCH","og_description":"[vc_row css_animation=&#8221;&#8221; row_type=&#8221;row&#8221; use_row_as_full_screen_section=&#8221;no&#8221; type=&#8221;full_width&#8221; angled_section=&#8221;no&#8221; text_align=&#8221;left&#8221; background_image_as_pattern=&#8221;without_pattern&#8221;][vc_column][vc_empty_space][\/vc_column][\/vc_row][vc_row css_animation=&#8221;&#8221; row_type=&#8221;row&#8221; use_row_as_full_screen_section=&#8221;no&#8221; type=&#8221;grid&#8221; angled_section=&#8221;no&#8221; text_align=&#8221;left&#8221; background_image_as_pattern=&#8221;without_pattern&#8221; z_index=&#8221;&#8221;][vc_column width=&#8221;1\/3&#8243;][vc_empty_space height=&#8221;20px&#8221;][vc_column_text] Head Office [\/vc_column_text][vc_empty_space height=&#8221;14px&#8221;][vc_column_text] L\u00d6SCH GmbH Am Neuweiher 2 91564 Neuendettelsau [\/vc_column_text][vc_empty_space height=&#8221;50px&#8221;][\/vc_column][vc_column width=&#8221;1\/3&#8243;][vc_empty_space height=&#8221;20px&#8221;][vc_column_text] Fon:\u00a0+49 9874 507239-0 [\/vc_column_text][vc_empty_space height=&#8221;14px&#8221;][vc_column_text] Mo \u2013 Tu 7:15 \u2013 12 :00...","og_url":"https:\/\/www.loesch-ght.de\/en\/contact\/","og_site_name":"L\u00d6SCH GmbH - Ihr Spritzguss Experte. Silikonspritzguss, Kunststoffspritzteile und optische Bauelemente von L\u00d6SCH","article_publisher":"https:\/\/www.facebook.com\/loeschgmbh\/","article_modified_time":"2019-07-17T14:43:32+00:00","twitter_card":"summary_large_image","twitter_misc":{"Est. reading time":"3 minutes"},"schema":{"@context":"https:\/\/schema.org","@graph":[{"@type":"WebPage","@id":"https:\/\/www.loesch-ght.de\/en\/contact\/","url":"https:\/\/www.loesch-ght.de\/en\/contact\/","name":"Contact &#8212; L\u00d6SCH GmbH - Ihr Spritzguss Experte. Silikonspritzguss, Kunststoffspritzteile und optische Bauelemente von L\u00d6SCH","isPartOf":{"@id":"https:\/\/www.loesch-ght.de\/en\/#website"},"datePublished":"2018-10-17T16:13:31+00:00","dateModified":"2019-07-17T14:43:32+00:00","breadcrumb":{"@id":"https:\/\/www.loesch-ght.de\/en\/contact\/#breadcrumb"},"inLanguage":"en-US","potentialAction":[{"@type":"ReadAction","target":["https:\/\/www.loesch-ght.de\/en\/contact\/"]}]},{"@type":"BreadcrumbList","@id":"https:\/\/www.loesch-ght.de\/en\/contact\/#breadcrumb","itemListElement":[{"@type":"ListItem","position":1,"name":"Startseite","item":"https:\/\/www.loesch-ght.de\/en\/"},{"@type":"ListItem","position":2,"name":"Contact"}]},{"@type":"WebSite","@id":"https:\/\/www.loesch-ght.de\/en\/#website","url":"https:\/\/www.loesch-ght.de\/en\/","name":"L\u00d6SCH GmbH - Ihr Spritzguss Experte. Silikonspritzguss, Kunststoffspritzteile und optische Bauelemente von L\u00d6SCH","description":"Spritzguss ist unsere Leidenschaft. Wir stellen f\u00fcr Sie Silikonspritzgussteile, Kunststoffspritzteile und optische Bauelemente aus Silikon und Kunststoffen her. Auf Anfrage fertigen wir die Kunststoffteile gem\u00e4\u00df Ihren Angaben, als Einzelst\u00fcck oder vom Prototyp bis zur Serienfertigung.","publisher":{"@id":"https:\/\/www.loesch-ght.de\/en\/#organization"},"potentialAction":[{"@type":"SearchAction","target":{"@type":"EntryPoint","urlTemplate":"https:\/\/www.loesch-ght.de\/en\/?s={search_term_string}"},"query-input":{"@type":"PropertyValueSpecification","valueRequired":true,"valueName":"search_term_string"}}],"inLanguage":"en-US"},{"@type":"Organization","@id":"https:\/\/www.loesch-ght.de\/en\/#organization","name":"L\u00d6SCH GmbH","url":"https:\/\/www.loesch-ght.de\/en\/","logo":{"@type":"ImageObject","inLanguage":"en-US","@id":"https:\/\/www.loesch-ght.de\/en\/#\/schema\/logo\/image\/","url":"https:\/\/cdn.loesch-ght.de\/wp-content\/uploads\/2018\/03\/loesch-fb-logo.jpg","contentUrl":"https:\/\/cdn.loesch-ght.de\/wp-content\/uploads\/2018\/03\/loesch-fb-logo.jpg","width":200,"height":200,"caption":"L\u00d6SCH GmbH"},"image":{"@id":"https:\/\/www.loesch-ght.de\/en\/#\/schema\/logo\/image\/"},"sameAs":["https:\/\/www.facebook.com\/loeschgmbh\/"]}]}},"_links":{"self":[{"href":"https:\/\/www.loesch-ght.de\/en\/wp-json\/wp\/v2\/pages\/1191","targetHints":{"allow":["GET"]}}],"collection":[{"href":"https:\/\/www.loesch-ght.de\/en\/wp-json\/wp\/v2\/pages"}],"about":[{"href":"https:\/\/www.loesch-ght.de\/en\/wp-json\/wp\/v2\/types\/page"}],"author":[{"embeddable":true,"href":"https:\/\/www.loesch-ght.de\/en\/wp-json\/wp\/v2\/users\/1"}],"replies":[{"embeddable":true,"href":"https:\/\/www.loesch-ght.de\/en\/wp-json\/wp\/v2\/comments?post=1191"}],"version-history":[{"count":4,"href":"https:\/\/www.loesch-ght.de\/en\/wp-json\/wp\/v2\/pages\/1191\/revisions"}],"predecessor-version":[{"id":1360,"href":"https:\/\/www.loesch-ght.de\/en\/wp-json\/wp\/v2\/pages\/1191\/revisions\/1360"}],"wp:attachment":[{"href":"https:\/\/www.loesch-ght.de\/en\/wp-json\/wp\/v2\/media?parent=1191"}],"curies":[{"name":"wp","href":"https:\/\/api.w.org\/{rel}","templated":true}]}}