{"id":1186,"date":"2018-10-17T18:06:54","date_gmt":"2018-10-17T16:06:54","guid":{"rendered":"http:\/\/staging.loesch-ght.de\/high-tech-production\/"},"modified":"2018-10-17T18:06:54","modified_gmt":"2018-10-17T16:06:54","slug":"high-tech-production","status":"publish","type":"page","link":"https:\/\/www.loesch-ght.de\/en\/high-tech-production\/","title":{"rendered":"High Tech Production"},"content":{"rendered":"<p>[vc_row css_animation=&#8221;&#8221; row_type=&#8221;row&#8221; use_row_as_full_screen_section=&#8221;no&#8221; type=&#8221;full_width&#8221; angled_section=&#8221;no&#8221; text_align=&#8221;left&#8221; background_image_as_pattern=&#8221;without_pattern&#8221;][vc_column width=&#8221;2\/3&#8243;][vc_custom_heading text=&#8221;Smart filter functions&#8221; font_container=&#8221;tag:h1|text_align:left&#8221; use_theme_fonts=&#8221;yes&#8221;][vc_column_text]Our plastic and silicone parts production only trusts the latest technology, using state of the art production equipment.[\/vc_column_text][vc_empty_space][vc_custom_heading text=&#8221;Maximum flexibility and speed&#8221; use_theme_fonts=&#8221;yes&#8221;][vc_column_text]Our systems adapt to the various materials and situations. Changes in quantities or materials can be implemented quickly. Which is how custom components are reliable and manufactured at tremendous speeds.[\/vc_column_text][vc_empty_space][vc_custom_heading text=&#8221;Precision in plastics production&#8221; use_theme_fonts=&#8221;yes&#8221;][vc_column_text]Exact quality specifications ensure the manufacturing results meet your standards and ours. High tech products made with high tech equipment.<\/p>\n<p>State of the art technology for the respective tasks in the new location is a motto under which L\u00d6SCH not only restructures production but all logistics processes. Highest production quality has been our objective driving us to set new quality standards since 2013 previously only typical in the automotive industry.[\/vc_column_text][\/vc_column][vc_column width=&#8221;1\/3&#8243;][vc_row_inner row_type=&#8221;row&#8221; type=&#8221;full_width&#8221; text_align=&#8221;left&#8221; css_animation=&#8221;&#8221;][vc_column_inner][vc_single_image image=&#8221;826&#8243; img_size=&#8221;full&#8221; style=&#8221;vc_box_rounded&#8221; qode_css_animation=&#8221;&#8221;][\/vc_column_inner][\/vc_row_inner][vc_separator type=&#8221;normal&#8221;][\/vc_column][\/vc_row][vc_row css_animation=&#8221;&#8221; row_type=&#8221;row&#8221; use_row_as_full_screen_section=&#8221;no&#8221; type=&#8221;full_width&#8221; angled_section=&#8221;no&#8221; text_align=&#8221;left&#8221; background_image_as_pattern=&#8221;without_pattern&#8221;][vc_column][vc_empty_space][\/vc_column][\/vc_row]<\/p>\n","protected":false},"excerpt":{"rendered":"<p>[vc_row css_animation=&#8221;&#8221; row_type=&#8221;row&#8221; use_row_as_full_screen_section=&#8221;no&#8221; type=&#8221;full_width&#8221; angled_section=&#8221;no&#8221; text_align=&#8221;left&#8221; background_image_as_pattern=&#8221;without_pattern&#8221;][vc_column width=&#8221;2\/3&#8243;][vc_custom_heading text=&#8221;Smart filter functions&#8221; font_container=&#8221;tag:h1|text_align:left&#8221; use_theme_fonts=&#8221;yes&#8221;][vc_column_text]Our plastic and silicone parts production only trusts the latest technology, using state of the art production equipment.[\/vc_column_text][vc_empty_space][vc_custom_heading text=&#8221;Maximum flexibility and speed&#8221; use_theme_fonts=&#8221;yes&#8221;][vc_column_text]Our systems adapt to the various materials and situations. Changes&#8230;<\/p>\n","protected":false},"author":1,"featured_media":0,"parent":0,"menu_order":0,"comment_status":"closed","ping_status":"closed","template":"","meta":{"footnotes":""},"class_list":["post-1186","page","type-page","status-publish","hentry"],"yoast_head":"<!-- This site is optimized with the Yoast SEO plugin v27.5 - https:\/\/yoast.com\/product\/yoast-seo-wordpress\/ -->\n<title>High Tech Production &#8212; L\u00d6SCH GmbH - Ihr Spritzguss Experte. Silikonspritzguss, Kunststoffspritzteile und optische Bauelemente von L\u00d6SCH<\/title>\n<meta name=\"robots\" content=\"index, follow, max-snippet:-1, max-image-preview:large, max-video-preview:-1\" \/>\n<link rel=\"canonical\" href=\"https:\/\/www.loesch-ght.de\/en\/high-tech-production\/\" \/>\n<meta property=\"og:locale\" content=\"en_US\" \/>\n<meta property=\"og:type\" content=\"article\" \/>\n<meta property=\"og:title\" content=\"High Tech Production &#8212; L\u00d6SCH GmbH - Ihr Spritzguss Experte. Silikonspritzguss, Kunststoffspritzteile und optische Bauelemente von L\u00d6SCH\" \/>\n<meta property=\"og:description\" content=\"[vc_row css_animation=&#8221;&#8221; row_type=&#8221;row&#8221; use_row_as_full_screen_section=&#8221;no&#8221; type=&#8221;full_width&#8221; angled_section=&#8221;no&#8221; text_align=&#8221;left&#8221; background_image_as_pattern=&#8221;without_pattern&#8221;][vc_column width=&#8221;2\/3&#8243;][vc_custom_heading text=&#8221;Smart filter functions&#8221; font_container=&#8221;tag:h1|text_align:left&#8221; use_theme_fonts=&#8221;yes&#8221;][vc_column_text]Our plastic and silicone parts production only trusts the latest technology, using state of the art production equipment.[\/vc_column_text][vc_empty_space][vc_custom_heading text=&#8221;Maximum flexibility and speed&#8221; use_theme_fonts=&#8221;yes&#8221;][vc_column_text]Our systems adapt to the various materials and situations. Changes...\" \/>\n<meta property=\"og:url\" content=\"https:\/\/www.loesch-ght.de\/en\/high-tech-production\/\" \/>\n<meta property=\"og:site_name\" content=\"L\u00d6SCH GmbH - Ihr Spritzguss Experte. Silikonspritzguss, Kunststoffspritzteile und optische Bauelemente von L\u00d6SCH\" \/>\n<meta property=\"article:publisher\" content=\"https:\/\/www.facebook.com\/loeschgmbh\/\" \/>\n<meta name=\"twitter:card\" content=\"summary_large_image\" \/>\n<meta name=\"twitter:label1\" content=\"Est. reading time\" \/>\n\t<meta name=\"twitter:data1\" content=\"2 minutes\" \/>\n<script type=\"application\/ld+json\" class=\"yoast-schema-graph\">{\"@context\":\"https:\\\/\\\/schema.org\",\"@graph\":[{\"@type\":\"WebPage\",\"@id\":\"https:\\\/\\\/www.loesch-ght.de\\\/en\\\/high-tech-production\\\/\",\"url\":\"https:\\\/\\\/www.loesch-ght.de\\\/en\\\/high-tech-production\\\/\",\"name\":\"High Tech Production &#8212; L\u00d6SCH GmbH - Ihr Spritzguss Experte. Silikonspritzguss, Kunststoffspritzteile und optische Bauelemente von L\u00d6SCH\",\"isPartOf\":{\"@id\":\"https:\\\/\\\/www.loesch-ght.de\\\/en\\\/#website\"},\"datePublished\":\"2018-10-17T16:06:54+00:00\",\"breadcrumb\":{\"@id\":\"https:\\\/\\\/www.loesch-ght.de\\\/en\\\/high-tech-production\\\/#breadcrumb\"},\"inLanguage\":\"en-US\",\"potentialAction\":[{\"@type\":\"ReadAction\",\"target\":[\"https:\\\/\\\/www.loesch-ght.de\\\/en\\\/high-tech-production\\\/\"]}]},{\"@type\":\"BreadcrumbList\",\"@id\":\"https:\\\/\\\/www.loesch-ght.de\\\/en\\\/high-tech-production\\\/#breadcrumb\",\"itemListElement\":[{\"@type\":\"ListItem\",\"position\":1,\"name\":\"Startseite\",\"item\":\"https:\\\/\\\/www.loesch-ght.de\\\/en\\\/\"},{\"@type\":\"ListItem\",\"position\":2,\"name\":\"High Tech Production\"}]},{\"@type\":\"WebSite\",\"@id\":\"https:\\\/\\\/www.loesch-ght.de\\\/en\\\/#website\",\"url\":\"https:\\\/\\\/www.loesch-ght.de\\\/en\\\/\",\"name\":\"L\u00d6SCH GmbH - Ihr Spritzguss Experte. Silikonspritzguss, Kunststoffspritzteile und optische Bauelemente von L\u00d6SCH\",\"description\":\"Spritzguss ist unsere Leidenschaft. Wir stellen f\u00fcr Sie Silikonspritzgussteile, Kunststoffspritzteile und optische Bauelemente aus Silikon und Kunststoffen her. Auf Anfrage fertigen wir die Kunststoffteile gem\u00e4\u00df Ihren Angaben, als Einzelst\u00fcck oder vom Prototyp bis zur Serienfertigung.\",\"publisher\":{\"@id\":\"https:\\\/\\\/www.loesch-ght.de\\\/en\\\/#organization\"},\"potentialAction\":[{\"@type\":\"SearchAction\",\"target\":{\"@type\":\"EntryPoint\",\"urlTemplate\":\"https:\\\/\\\/www.loesch-ght.de\\\/en\\\/?s={search_term_string}\"},\"query-input\":{\"@type\":\"PropertyValueSpecification\",\"valueRequired\":true,\"valueName\":\"search_term_string\"}}],\"inLanguage\":\"en-US\"},{\"@type\":\"Organization\",\"@id\":\"https:\\\/\\\/www.loesch-ght.de\\\/en\\\/#organization\",\"name\":\"L\u00d6SCH GmbH\",\"url\":\"https:\\\/\\\/www.loesch-ght.de\\\/en\\\/\",\"logo\":{\"@type\":\"ImageObject\",\"inLanguage\":\"en-US\",\"@id\":\"https:\\\/\\\/www.loesch-ght.de\\\/en\\\/#\\\/schema\\\/logo\\\/image\\\/\",\"url\":\"https:\\\/\\\/cdn.loesch-ght.de\\\/wp-content\\\/uploads\\\/2018\\\/03\\\/loesch-fb-logo.jpg\",\"contentUrl\":\"https:\\\/\\\/cdn.loesch-ght.de\\\/wp-content\\\/uploads\\\/2018\\\/03\\\/loesch-fb-logo.jpg\",\"width\":200,\"height\":200,\"caption\":\"L\u00d6SCH GmbH\"},\"image\":{\"@id\":\"https:\\\/\\\/www.loesch-ght.de\\\/en\\\/#\\\/schema\\\/logo\\\/image\\\/\"},\"sameAs\":[\"https:\\\/\\\/www.facebook.com\\\/loeschgmbh\\\/\"]}]}<\/script>\n<!-- \/ Yoast SEO plugin. -->","yoast_head_json":{"title":"High Tech Production &#8212; L\u00d6SCH GmbH - Ihr Spritzguss Experte. Silikonspritzguss, Kunststoffspritzteile und optische Bauelemente von L\u00d6SCH","robots":{"index":"index","follow":"follow","max-snippet":"max-snippet:-1","max-image-preview":"max-image-preview:large","max-video-preview":"max-video-preview:-1"},"canonical":"https:\/\/www.loesch-ght.de\/en\/high-tech-production\/","og_locale":"en_US","og_type":"article","og_title":"High Tech Production &#8212; L\u00d6SCH GmbH - Ihr Spritzguss Experte. Silikonspritzguss, Kunststoffspritzteile und optische Bauelemente von L\u00d6SCH","og_description":"[vc_row css_animation=&#8221;&#8221; row_type=&#8221;row&#8221; use_row_as_full_screen_section=&#8221;no&#8221; type=&#8221;full_width&#8221; angled_section=&#8221;no&#8221; text_align=&#8221;left&#8221; background_image_as_pattern=&#8221;without_pattern&#8221;][vc_column width=&#8221;2\/3&#8243;][vc_custom_heading text=&#8221;Smart filter functions&#8221; font_container=&#8221;tag:h1|text_align:left&#8221; use_theme_fonts=&#8221;yes&#8221;][vc_column_text]Our plastic and silicone parts production only trusts the latest technology, using state of the art production equipment.[\/vc_column_text][vc_empty_space][vc_custom_heading text=&#8221;Maximum flexibility and speed&#8221; use_theme_fonts=&#8221;yes&#8221;][vc_column_text]Our systems adapt to the various materials and situations. Changes...","og_url":"https:\/\/www.loesch-ght.de\/en\/high-tech-production\/","og_site_name":"L\u00d6SCH GmbH - Ihr Spritzguss Experte. Silikonspritzguss, Kunststoffspritzteile und optische Bauelemente von L\u00d6SCH","article_publisher":"https:\/\/www.facebook.com\/loeschgmbh\/","twitter_card":"summary_large_image","twitter_misc":{"Est. reading time":"2 minutes"},"schema":{"@context":"https:\/\/schema.org","@graph":[{"@type":"WebPage","@id":"https:\/\/www.loesch-ght.de\/en\/high-tech-production\/","url":"https:\/\/www.loesch-ght.de\/en\/high-tech-production\/","name":"High Tech Production &#8212; L\u00d6SCH GmbH - Ihr Spritzguss Experte. Silikonspritzguss, Kunststoffspritzteile und optische Bauelemente von L\u00d6SCH","isPartOf":{"@id":"https:\/\/www.loesch-ght.de\/en\/#website"},"datePublished":"2018-10-17T16:06:54+00:00","breadcrumb":{"@id":"https:\/\/www.loesch-ght.de\/en\/high-tech-production\/#breadcrumb"},"inLanguage":"en-US","potentialAction":[{"@type":"ReadAction","target":["https:\/\/www.loesch-ght.de\/en\/high-tech-production\/"]}]},{"@type":"BreadcrumbList","@id":"https:\/\/www.loesch-ght.de\/en\/high-tech-production\/#breadcrumb","itemListElement":[{"@type":"ListItem","position":1,"name":"Startseite","item":"https:\/\/www.loesch-ght.de\/en\/"},{"@type":"ListItem","position":2,"name":"High Tech Production"}]},{"@type":"WebSite","@id":"https:\/\/www.loesch-ght.de\/en\/#website","url":"https:\/\/www.loesch-ght.de\/en\/","name":"L\u00d6SCH GmbH - Ihr Spritzguss Experte. Silikonspritzguss, Kunststoffspritzteile und optische Bauelemente von L\u00d6SCH","description":"Spritzguss ist unsere Leidenschaft. Wir stellen f\u00fcr Sie Silikonspritzgussteile, Kunststoffspritzteile und optische Bauelemente aus Silikon und Kunststoffen her. Auf Anfrage fertigen wir die Kunststoffteile gem\u00e4\u00df Ihren Angaben, als Einzelst\u00fcck oder vom Prototyp bis zur Serienfertigung.","publisher":{"@id":"https:\/\/www.loesch-ght.de\/en\/#organization"},"potentialAction":[{"@type":"SearchAction","target":{"@type":"EntryPoint","urlTemplate":"https:\/\/www.loesch-ght.de\/en\/?s={search_term_string}"},"query-input":{"@type":"PropertyValueSpecification","valueRequired":true,"valueName":"search_term_string"}}],"inLanguage":"en-US"},{"@type":"Organization","@id":"https:\/\/www.loesch-ght.de\/en\/#organization","name":"L\u00d6SCH GmbH","url":"https:\/\/www.loesch-ght.de\/en\/","logo":{"@type":"ImageObject","inLanguage":"en-US","@id":"https:\/\/www.loesch-ght.de\/en\/#\/schema\/logo\/image\/","url":"https:\/\/cdn.loesch-ght.de\/wp-content\/uploads\/2018\/03\/loesch-fb-logo.jpg","contentUrl":"https:\/\/cdn.loesch-ght.de\/wp-content\/uploads\/2018\/03\/loesch-fb-logo.jpg","width":200,"height":200,"caption":"L\u00d6SCH GmbH"},"image":{"@id":"https:\/\/www.loesch-ght.de\/en\/#\/schema\/logo\/image\/"},"sameAs":["https:\/\/www.facebook.com\/loeschgmbh\/"]}]}},"_links":{"self":[{"href":"https:\/\/www.loesch-ght.de\/en\/wp-json\/wp\/v2\/pages\/1186","targetHints":{"allow":["GET"]}}],"collection":[{"href":"https:\/\/www.loesch-ght.de\/en\/wp-json\/wp\/v2\/pages"}],"about":[{"href":"https:\/\/www.loesch-ght.de\/en\/wp-json\/wp\/v2\/types\/page"}],"author":[{"embeddable":true,"href":"https:\/\/www.loesch-ght.de\/en\/wp-json\/wp\/v2\/users\/1"}],"replies":[{"embeddable":true,"href":"https:\/\/www.loesch-ght.de\/en\/wp-json\/wp\/v2\/comments?post=1186"}],"version-history":[{"count":1,"href":"https:\/\/www.loesch-ght.de\/en\/wp-json\/wp\/v2\/pages\/1186\/revisions"}],"predecessor-version":[{"id":1187,"href":"https:\/\/www.loesch-ght.de\/en\/wp-json\/wp\/v2\/pages\/1186\/revisions\/1187"}],"wp:attachment":[{"href":"https:\/\/www.loesch-ght.de\/en\/wp-json\/wp\/v2\/media?parent=1186"}],"curies":[{"name":"wp","href":"https:\/\/api.w.org\/{rel}","templated":true}]}}