{"id":1184,"date":"2018-10-17T18:04:57","date_gmt":"2018-10-17T16:04:57","guid":{"rendered":"http:\/\/staging.loesch-ght.de\/quality-policy\/"},"modified":"2018-10-17T18:04:57","modified_gmt":"2018-10-17T16:04:57","slug":"quality-policy","status":"publish","type":"page","link":"https:\/\/www.loesch-ght.de\/en\/quality-policy\/","title":{"rendered":"Quality Policy"},"content":{"rendered":"<p>[vc_row css_animation=&#8221;&#8221; row_type=&#8221;row&#8221; use_row_as_full_screen_section=&#8221;no&#8221; type=&#8221;full_width&#8221; angled_section=&#8221;no&#8221; text_align=&#8221;left&#8221; background_image_as_pattern=&#8221;without_pattern&#8221;][vc_column width=&#8221;1\/4&#8243;][vc_single_image image=&#8221;670&#8243; img_size=&#8221;full&#8221; style=&#8221;vc_box_rounded&#8221; qode_css_animation=&#8221;&#8221;][vc_empty_space][vc_single_image image=&#8221;610&#8243; img_size=&#8221;full&#8221; style=&#8221;vc_box_rounded&#8221; qode_css_animation=&#8221;&#8221;][\/vc_column][vc_column width=&#8221;3\/4&#8243;][vc_custom_heading text=&#8221;Constantly improving&#8221; font_container=&#8221;tag:h1|text_align:left&#8221; use_theme_fonts=&#8221;yes&#8221;][vc_column_text]One crucial point of our quality policy is constantly improving existing moulding processes and developing new ones. Taking into account the reliability and environmental compatibility of new raw materials. Among other things, this approach secures the future of our company and allows us to always push the limits and produce plastic or silicone precision parts.[\/vc_column_text][vc_empty_space][vc_custom_heading text=&#8221;Pushing the limits&#8221; use_theme_fonts=&#8221;yes&#8221;][vc_column_text]Matching our services to constantly changing requirements and challenges yet always improving the quality is what drives us every day.<\/p>\n<p>This will further help us keep a leading position on the market and guarantee you always receive TOP services. And quality assurance is not just a job for a few specialists but for every single employee.[\/vc_column_text][vc_empty_space][\/vc_column][\/vc_row][vc_row css_animation=&#8221;&#8221; row_type=&#8221;row&#8221; use_row_as_full_screen_section=&#8221;no&#8221; type=&#8221;full_width&#8221; angled_section=&#8221;no&#8221; text_align=&#8221;left&#8221; background_image_as_pattern=&#8221;without_pattern&#8221;][vc_column][vc_empty_space][\/vc_column][\/vc_row]<\/p>\n","protected":false},"excerpt":{"rendered":"<p>[vc_row css_animation=&#8221;&#8221; row_type=&#8221;row&#8221; use_row_as_full_screen_section=&#8221;no&#8221; type=&#8221;full_width&#8221; angled_section=&#8221;no&#8221; text_align=&#8221;left&#8221; background_image_as_pattern=&#8221;without_pattern&#8221;][vc_column width=&#8221;1\/4&#8243;][vc_single_image image=&#8221;670&#8243; img_size=&#8221;full&#8221; style=&#8221;vc_box_rounded&#8221; qode_css_animation=&#8221;&#8221;][vc_empty_space][vc_single_image image=&#8221;610&#8243; img_size=&#8221;full&#8221; style=&#8221;vc_box_rounded&#8221; qode_css_animation=&#8221;&#8221;][\/vc_column][vc_column width=&#8221;3\/4&#8243;][vc_custom_heading text=&#8221;Constantly improving&#8221; font_container=&#8221;tag:h1|text_align:left&#8221; use_theme_fonts=&#8221;yes&#8221;][vc_column_text]One crucial point of our quality policy is constantly improving existing moulding processes and developing new ones. Taking into account the reliability and environmental&#8230;<\/p>\n","protected":false},"author":1,"featured_media":0,"parent":0,"menu_order":0,"comment_status":"closed","ping_status":"closed","template":"","meta":{"footnotes":""},"class_list":["post-1184","page","type-page","status-publish","hentry"],"yoast_head":"<!-- This site is optimized with the Yoast SEO plugin v27.5 - https:\/\/yoast.com\/product\/yoast-seo-wordpress\/ -->\n<title>Quality Policy &#8212; L\u00d6SCH GmbH - Ihr Spritzguss Experte. Silikonspritzguss, Kunststoffspritzteile und optische Bauelemente von L\u00d6SCH<\/title>\n<meta name=\"robots\" content=\"index, follow, max-snippet:-1, max-image-preview:large, max-video-preview:-1\" \/>\n<link rel=\"canonical\" href=\"https:\/\/www.loesch-ght.de\/en\/quality-policy\/\" \/>\n<meta property=\"og:locale\" content=\"en_US\" \/>\n<meta property=\"og:type\" content=\"article\" \/>\n<meta property=\"og:title\" content=\"Quality Policy &#8212; L\u00d6SCH GmbH - Ihr Spritzguss Experte. Silikonspritzguss, Kunststoffspritzteile und optische Bauelemente von L\u00d6SCH\" \/>\n<meta property=\"og:description\" content=\"[vc_row css_animation=&#8221;&#8221; row_type=&#8221;row&#8221; use_row_as_full_screen_section=&#8221;no&#8221; type=&#8221;full_width&#8221; angled_section=&#8221;no&#8221; text_align=&#8221;left&#8221; background_image_as_pattern=&#8221;without_pattern&#8221;][vc_column width=&#8221;1\/4&#8243;][vc_single_image image=&#8221;670&#8243; img_size=&#8221;full&#8221; style=&#8221;vc_box_rounded&#8221; qode_css_animation=&#8221;&#8221;][vc_empty_space][vc_single_image image=&#8221;610&#8243; img_size=&#8221;full&#8221; style=&#8221;vc_box_rounded&#8221; qode_css_animation=&#8221;&#8221;][\/vc_column][vc_column width=&#8221;3\/4&#8243;][vc_custom_heading text=&#8221;Constantly improving&#8221; font_container=&#8221;tag:h1|text_align:left&#8221; use_theme_fonts=&#8221;yes&#8221;][vc_column_text]One crucial point of our quality policy is constantly improving existing moulding processes and developing new ones. Taking into account the reliability and environmental...\" \/>\n<meta property=\"og:url\" content=\"https:\/\/www.loesch-ght.de\/en\/quality-policy\/\" \/>\n<meta property=\"og:site_name\" content=\"L\u00d6SCH GmbH - Ihr Spritzguss Experte. Silikonspritzguss, Kunststoffspritzteile und optische Bauelemente von L\u00d6SCH\" \/>\n<meta property=\"article:publisher\" content=\"https:\/\/www.facebook.com\/loeschgmbh\/\" \/>\n<meta name=\"twitter:card\" content=\"summary_large_image\" \/>\n<meta name=\"twitter:label1\" content=\"Est. reading time\" \/>\n\t<meta name=\"twitter:data1\" content=\"1 minute\" \/>\n<script type=\"application\/ld+json\" class=\"yoast-schema-graph\">{\"@context\":\"https:\\\/\\\/schema.org\",\"@graph\":[{\"@type\":\"WebPage\",\"@id\":\"https:\\\/\\\/www.loesch-ght.de\\\/en\\\/quality-policy\\\/\",\"url\":\"https:\\\/\\\/www.loesch-ght.de\\\/en\\\/quality-policy\\\/\",\"name\":\"Quality Policy &#8212; L\u00d6SCH GmbH - Ihr Spritzguss Experte. Silikonspritzguss, Kunststoffspritzteile und optische Bauelemente von L\u00d6SCH\",\"isPartOf\":{\"@id\":\"https:\\\/\\\/www.loesch-ght.de\\\/en\\\/#website\"},\"datePublished\":\"2018-10-17T16:04:57+00:00\",\"breadcrumb\":{\"@id\":\"https:\\\/\\\/www.loesch-ght.de\\\/en\\\/quality-policy\\\/#breadcrumb\"},\"inLanguage\":\"en-US\",\"potentialAction\":[{\"@type\":\"ReadAction\",\"target\":[\"https:\\\/\\\/www.loesch-ght.de\\\/en\\\/quality-policy\\\/\"]}]},{\"@type\":\"BreadcrumbList\",\"@id\":\"https:\\\/\\\/www.loesch-ght.de\\\/en\\\/quality-policy\\\/#breadcrumb\",\"itemListElement\":[{\"@type\":\"ListItem\",\"position\":1,\"name\":\"Startseite\",\"item\":\"https:\\\/\\\/www.loesch-ght.de\\\/en\\\/\"},{\"@type\":\"ListItem\",\"position\":2,\"name\":\"Quality Policy\"}]},{\"@type\":\"WebSite\",\"@id\":\"https:\\\/\\\/www.loesch-ght.de\\\/en\\\/#website\",\"url\":\"https:\\\/\\\/www.loesch-ght.de\\\/en\\\/\",\"name\":\"L\u00d6SCH GmbH - Ihr Spritzguss Experte. Silikonspritzguss, Kunststoffspritzteile und optische Bauelemente von L\u00d6SCH\",\"description\":\"Spritzguss ist unsere Leidenschaft. Wir stellen f\u00fcr Sie Silikonspritzgussteile, Kunststoffspritzteile und optische Bauelemente aus Silikon und Kunststoffen her. Auf Anfrage fertigen wir die Kunststoffteile gem\u00e4\u00df Ihren Angaben, als Einzelst\u00fcck oder vom Prototyp bis zur Serienfertigung.\",\"publisher\":{\"@id\":\"https:\\\/\\\/www.loesch-ght.de\\\/en\\\/#organization\"},\"potentialAction\":[{\"@type\":\"SearchAction\",\"target\":{\"@type\":\"EntryPoint\",\"urlTemplate\":\"https:\\\/\\\/www.loesch-ght.de\\\/en\\\/?s={search_term_string}\"},\"query-input\":{\"@type\":\"PropertyValueSpecification\",\"valueRequired\":true,\"valueName\":\"search_term_string\"}}],\"inLanguage\":\"en-US\"},{\"@type\":\"Organization\",\"@id\":\"https:\\\/\\\/www.loesch-ght.de\\\/en\\\/#organization\",\"name\":\"L\u00d6SCH GmbH\",\"url\":\"https:\\\/\\\/www.loesch-ght.de\\\/en\\\/\",\"logo\":{\"@type\":\"ImageObject\",\"inLanguage\":\"en-US\",\"@id\":\"https:\\\/\\\/www.loesch-ght.de\\\/en\\\/#\\\/schema\\\/logo\\\/image\\\/\",\"url\":\"https:\\\/\\\/cdn.loesch-ght.de\\\/wp-content\\\/uploads\\\/2018\\\/03\\\/loesch-fb-logo.jpg\",\"contentUrl\":\"https:\\\/\\\/cdn.loesch-ght.de\\\/wp-content\\\/uploads\\\/2018\\\/03\\\/loesch-fb-logo.jpg\",\"width\":200,\"height\":200,\"caption\":\"L\u00d6SCH GmbH\"},\"image\":{\"@id\":\"https:\\\/\\\/www.loesch-ght.de\\\/en\\\/#\\\/schema\\\/logo\\\/image\\\/\"},\"sameAs\":[\"https:\\\/\\\/www.facebook.com\\\/loeschgmbh\\\/\"]}]}<\/script>\n<!-- \/ Yoast SEO plugin. -->","yoast_head_json":{"title":"Quality Policy &#8212; L\u00d6SCH GmbH - Ihr Spritzguss Experte. Silikonspritzguss, Kunststoffspritzteile und optische Bauelemente von L\u00d6SCH","robots":{"index":"index","follow":"follow","max-snippet":"max-snippet:-1","max-image-preview":"max-image-preview:large","max-video-preview":"max-video-preview:-1"},"canonical":"https:\/\/www.loesch-ght.de\/en\/quality-policy\/","og_locale":"en_US","og_type":"article","og_title":"Quality Policy &#8212; L\u00d6SCH GmbH - Ihr Spritzguss Experte. Silikonspritzguss, Kunststoffspritzteile und optische Bauelemente von L\u00d6SCH","og_description":"[vc_row css_animation=&#8221;&#8221; row_type=&#8221;row&#8221; use_row_as_full_screen_section=&#8221;no&#8221; type=&#8221;full_width&#8221; angled_section=&#8221;no&#8221; text_align=&#8221;left&#8221; background_image_as_pattern=&#8221;without_pattern&#8221;][vc_column width=&#8221;1\/4&#8243;][vc_single_image image=&#8221;670&#8243; img_size=&#8221;full&#8221; style=&#8221;vc_box_rounded&#8221; qode_css_animation=&#8221;&#8221;][vc_empty_space][vc_single_image image=&#8221;610&#8243; img_size=&#8221;full&#8221; style=&#8221;vc_box_rounded&#8221; qode_css_animation=&#8221;&#8221;][\/vc_column][vc_column width=&#8221;3\/4&#8243;][vc_custom_heading text=&#8221;Constantly improving&#8221; font_container=&#8221;tag:h1|text_align:left&#8221; use_theme_fonts=&#8221;yes&#8221;][vc_column_text]One crucial point of our quality policy is constantly improving existing moulding processes and developing new ones. Taking into account the reliability and environmental...","og_url":"https:\/\/www.loesch-ght.de\/en\/quality-policy\/","og_site_name":"L\u00d6SCH GmbH - Ihr Spritzguss Experte. Silikonspritzguss, Kunststoffspritzteile und optische Bauelemente von L\u00d6SCH","article_publisher":"https:\/\/www.facebook.com\/loeschgmbh\/","twitter_card":"summary_large_image","twitter_misc":{"Est. reading time":"1 minute"},"schema":{"@context":"https:\/\/schema.org","@graph":[{"@type":"WebPage","@id":"https:\/\/www.loesch-ght.de\/en\/quality-policy\/","url":"https:\/\/www.loesch-ght.de\/en\/quality-policy\/","name":"Quality Policy &#8212; L\u00d6SCH GmbH - Ihr Spritzguss Experte. Silikonspritzguss, Kunststoffspritzteile und optische Bauelemente von L\u00d6SCH","isPartOf":{"@id":"https:\/\/www.loesch-ght.de\/en\/#website"},"datePublished":"2018-10-17T16:04:57+00:00","breadcrumb":{"@id":"https:\/\/www.loesch-ght.de\/en\/quality-policy\/#breadcrumb"},"inLanguage":"en-US","potentialAction":[{"@type":"ReadAction","target":["https:\/\/www.loesch-ght.de\/en\/quality-policy\/"]}]},{"@type":"BreadcrumbList","@id":"https:\/\/www.loesch-ght.de\/en\/quality-policy\/#breadcrumb","itemListElement":[{"@type":"ListItem","position":1,"name":"Startseite","item":"https:\/\/www.loesch-ght.de\/en\/"},{"@type":"ListItem","position":2,"name":"Quality Policy"}]},{"@type":"WebSite","@id":"https:\/\/www.loesch-ght.de\/en\/#website","url":"https:\/\/www.loesch-ght.de\/en\/","name":"L\u00d6SCH GmbH - Ihr Spritzguss Experte. Silikonspritzguss, Kunststoffspritzteile und optische Bauelemente von L\u00d6SCH","description":"Spritzguss ist unsere Leidenschaft. Wir stellen f\u00fcr Sie Silikonspritzgussteile, Kunststoffspritzteile und optische Bauelemente aus Silikon und Kunststoffen her. Auf Anfrage fertigen wir die Kunststoffteile gem\u00e4\u00df Ihren Angaben, als Einzelst\u00fcck oder vom Prototyp bis zur Serienfertigung.","publisher":{"@id":"https:\/\/www.loesch-ght.de\/en\/#organization"},"potentialAction":[{"@type":"SearchAction","target":{"@type":"EntryPoint","urlTemplate":"https:\/\/www.loesch-ght.de\/en\/?s={search_term_string}"},"query-input":{"@type":"PropertyValueSpecification","valueRequired":true,"valueName":"search_term_string"}}],"inLanguage":"en-US"},{"@type":"Organization","@id":"https:\/\/www.loesch-ght.de\/en\/#organization","name":"L\u00d6SCH GmbH","url":"https:\/\/www.loesch-ght.de\/en\/","logo":{"@type":"ImageObject","inLanguage":"en-US","@id":"https:\/\/www.loesch-ght.de\/en\/#\/schema\/logo\/image\/","url":"https:\/\/cdn.loesch-ght.de\/wp-content\/uploads\/2018\/03\/loesch-fb-logo.jpg","contentUrl":"https:\/\/cdn.loesch-ght.de\/wp-content\/uploads\/2018\/03\/loesch-fb-logo.jpg","width":200,"height":200,"caption":"L\u00d6SCH GmbH"},"image":{"@id":"https:\/\/www.loesch-ght.de\/en\/#\/schema\/logo\/image\/"},"sameAs":["https:\/\/www.facebook.com\/loeschgmbh\/"]}]}},"_links":{"self":[{"href":"https:\/\/www.loesch-ght.de\/en\/wp-json\/wp\/v2\/pages\/1184","targetHints":{"allow":["GET"]}}],"collection":[{"href":"https:\/\/www.loesch-ght.de\/en\/wp-json\/wp\/v2\/pages"}],"about":[{"href":"https:\/\/www.loesch-ght.de\/en\/wp-json\/wp\/v2\/types\/page"}],"author":[{"embeddable":true,"href":"https:\/\/www.loesch-ght.de\/en\/wp-json\/wp\/v2\/users\/1"}],"replies":[{"embeddable":true,"href":"https:\/\/www.loesch-ght.de\/en\/wp-json\/wp\/v2\/comments?post=1184"}],"version-history":[{"count":1,"href":"https:\/\/www.loesch-ght.de\/en\/wp-json\/wp\/v2\/pages\/1184\/revisions"}],"predecessor-version":[{"id":1185,"href":"https:\/\/www.loesch-ght.de\/en\/wp-json\/wp\/v2\/pages\/1184\/revisions\/1185"}],"wp:attachment":[{"href":"https:\/\/www.loesch-ght.de\/en\/wp-json\/wp\/v2\/media?parent=1184"}],"curies":[{"name":"wp","href":"https:\/\/api.w.org\/{rel}","templated":true}]}}