{"id":1182,"date":"2018-10-17T18:03:31","date_gmt":"2018-10-17T16:03:31","guid":{"rendered":"http:\/\/staging.loesch-ght.de\/about-loesch-2\/"},"modified":"2018-10-19T16:31:40","modified_gmt":"2018-10-19T14:31:40","slug":"about-loesch-2","status":"publish","type":"page","link":"https:\/\/www.loesch-ght.de\/en\/about-loesch-2\/","title":{"rendered":"Mould Making"},"content":{"rendered":"<p>[vc_row css_animation=&#8221;&#8221; row_type=&#8221;row&#8221; use_row_as_full_screen_section=&#8221;no&#8221; type=&#8221;grid&#8221; angled_section=&#8221;no&#8221; text_align=&#8221;left&#8221; background_image_as_pattern=&#8221;without_pattern&#8221; css=&#8221;.vc_custom_1491987987672{padding-top: 97px !important;}&#8221;][vc_column][qode_content_slider auto_rotate=&#8221;5&#8243; enable_drag=&#8221;yes&#8221; direction_nav=&#8221;no&#8221; control_nav=&#8221;yes&#8221; pause_on_hover=&#8221;no&#8221;][qode_content_slider_item][vc_row_inner row_type=&#8221;row&#8221; type=&#8221;full_width&#8221; text_align=&#8221;left&#8221; css_animation=&#8221;&#8221;][vc_column_inner offset=&#8221;vc_col-lg-4 vc_col-md-4&#8243;][vc_column_text][\/vc_column_text][vc_empty_space height=&#8221;7px&#8221;][vc_column_text]<\/p>\n<h2>Mould Making<\/h2>\n<p>[\/vc_column_text][vc_empty_space height=&#8221;21px&#8221;][vc_column_text]With our in-house mould making we\u2019re able to produce maximum quality. Allowing us to offer you high precision injection moulded parts.[\/vc_column_text][vc_empty_space height=&#8221;30px&#8221;][vc_empty_space height=&#8221;40px&#8221;][\/vc_column_inner][vc_column_inner offset=&#8221;vc_col-lg-8 vc_col-md-8&#8243;][vc_empty_space height=&#8221;7px&#8221;][vc_single_image image=&#8221;781&#8243; img_size=&#8221;full&#8221; qode_css_animation=&#8221;&#8221;][vc_empty_space height=&#8221;40px&#8221;][\/vc_column_inner][\/vc_row_inner][\/qode_content_slider_item][\/qode_content_slider][\/vc_column][\/vc_row][vc_row css_animation=&#8221;&#8221; row_type=&#8221;row&#8221; use_row_as_full_screen_section=&#8221;no&#8221; type=&#8221;grid&#8221; angled_section=&#8221;no&#8221; text_align=&#8221;left&#8221; background_image_as_pattern=&#8221;without_pattern&#8221; css=&#8221;.vc_custom_1478016476526{padding-top: 73px !important;padding-bottom: 45px !important;}&#8221;][vc_column offset=&#8221;vc_col-lg-4 vc_col-md-4&#8243;][vc_single_image image=&#8221;751&#8243; img_size=&#8221;full&#8221; qode_css_animation=&#8221;&#8221;][vc_empty_space][vc_column_text]<\/p>\n<h4>Everything from one source<\/h4>\n<p>[\/vc_column_text][vc_empty_space height=&#8221;13px&#8221;][vc_column_text]Mould making, development and production go hand in hand. Fast tracks allow us to respond to any challenge quickly and if necessary also modify the tool quickly.[\/vc_column_text][vc_empty_space height=&#8221;60px&#8221;][\/vc_column][vc_column offset=&#8221;vc_col-lg-4 vc_col-md-4&#8243;][vc_single_image image=&#8221;780&#8243; img_size=&#8221;full&#8221; qode_css_animation=&#8221;&#8221;][vc_empty_space][vc_column_text]<\/p>\n<h4>Latest technology<\/h4>\n<p>[\/vc_column_text][vc_empty_space height=&#8221;13px&#8221;][vc_column_text]<br \/>\nOur mould and tool making always features state of the art technology: whether CNC machines with tool and electrode changers or design using the latest CAD\/CAM systems including importing your 2D\/3D data.<br \/>\n[\/vc_column_text][vc_empty_space height=&#8221;60px&#8221;][\/vc_column][vc_column offset=&#8221;vc_col-lg-4 vc_col-md-4&#8243;][vc_single_image image=&#8221;942&#8243; img_size=&#8221;full&#8221; qode_css_animation=&#8221;&#8221;][vc_empty_space][vc_column_text]<\/p>\n<h4>Experts<\/h4>\n<p>[\/vc_column_text][vc_empty_space height=&#8221;13px&#8221;][vc_column_text]Our employees make the difference. The tool is only as good as the person making it. Our employees draw on years of experience and know all of the mould making tricks.[\/vc_column_text][vc_empty_space height=&#8221;60px&#8221;][\/vc_column][\/vc_row]<\/p>\n","protected":false},"excerpt":{"rendered":"<p>[vc_row css_animation=&#8221;&#8221; row_type=&#8221;row&#8221; use_row_as_full_screen_section=&#8221;no&#8221; type=&#8221;grid&#8221; angled_section=&#8221;no&#8221; text_align=&#8221;left&#8221; background_image_as_pattern=&#8221;without_pattern&#8221; css=&#8221;.vc_custom_1491987987672{padding-top: 97px !important;}&#8221;][vc_column][qode_content_slider auto_rotate=&#8221;5&#8243; enable_drag=&#8221;yes&#8221; direction_nav=&#8221;no&#8221; control_nav=&#8221;yes&#8221; pause_on_hover=&#8221;no&#8221;][qode_content_slider_item][vc_row_inner row_type=&#8221;row&#8221; type=&#8221;full_width&#8221; text_align=&#8221;left&#8221; css_animation=&#8221;&#8221;][vc_column_inner offset=&#8221;vc_col-lg-4 vc_col-md-4&#8243;][vc_column_text][\/vc_column_text][vc_empty_space height=&#8221;7px&#8221;][vc_column_text] Mould Making [\/vc_column_text][vc_empty_space height=&#8221;21px&#8221;][vc_column_text]With our in-house mould making we\u2019re able to produce maximum quality. Allowing us to offer you high precision injection&#8230;<\/p>\n","protected":false},"author":1,"featured_media":0,"parent":0,"menu_order":0,"comment_status":"closed","ping_status":"closed","template":"full_width.php","meta":{"footnotes":""},"class_list":["post-1182","page","type-page","status-publish","hentry"],"yoast_head":"<!-- This site is optimized with the Yoast SEO plugin v27.5 - https:\/\/yoast.com\/product\/yoast-seo-wordpress\/ -->\n<title>Mould Making &#8212; L\u00d6SCH GmbH - Ihr Spritzguss Experte. Silikonspritzguss, Kunststoffspritzteile und optische Bauelemente von L\u00d6SCH<\/title>\n<meta name=\"robots\" content=\"index, follow, max-snippet:-1, max-image-preview:large, max-video-preview:-1\" \/>\n<link rel=\"canonical\" href=\"https:\/\/www.loesch-ght.de\/en\/about-loesch-2\/\" \/>\n<meta property=\"og:locale\" content=\"en_US\" \/>\n<meta property=\"og:type\" content=\"article\" \/>\n<meta property=\"og:title\" content=\"Mould Making &#8212; L\u00d6SCH GmbH - Ihr Spritzguss Experte. Silikonspritzguss, Kunststoffspritzteile und optische Bauelemente von L\u00d6SCH\" \/>\n<meta property=\"og:description\" content=\"[vc_row css_animation=&#8221;&#8221; row_type=&#8221;row&#8221; use_row_as_full_screen_section=&#8221;no&#8221; type=&#8221;grid&#8221; angled_section=&#8221;no&#8221; text_align=&#8221;left&#8221; background_image_as_pattern=&#8221;without_pattern&#8221; css=&#8221;.vc_custom_1491987987672{padding-top: 97px !important;}&#8221;][vc_column][qode_content_slider auto_rotate=&#8221;5&#8243; enable_drag=&#8221;yes&#8221; direction_nav=&#8221;no&#8221; control_nav=&#8221;yes&#8221; pause_on_hover=&#8221;no&#8221;][qode_content_slider_item][vc_row_inner row_type=&#8221;row&#8221; type=&#8221;full_width&#8221; text_align=&#8221;left&#8221; css_animation=&#8221;&#8221;][vc_column_inner offset=&#8221;vc_col-lg-4 vc_col-md-4&#8243;][vc_column_text][\/vc_column_text][vc_empty_space height=&#8221;7px&#8221;][vc_column_text] Mould Making [\/vc_column_text][vc_empty_space height=&#8221;21px&#8221;][vc_column_text]With our in-house mould making we\u2019re able to produce maximum quality. Allowing us to offer you high precision injection...\" \/>\n<meta property=\"og:url\" content=\"https:\/\/www.loesch-ght.de\/en\/about-loesch-2\/\" \/>\n<meta property=\"og:site_name\" content=\"L\u00d6SCH GmbH - Ihr Spritzguss Experte. Silikonspritzguss, Kunststoffspritzteile und optische Bauelemente von L\u00d6SCH\" \/>\n<meta property=\"article:publisher\" content=\"https:\/\/www.facebook.com\/loeschgmbh\/\" \/>\n<meta property=\"article:modified_time\" content=\"2018-10-19T14:31:40+00:00\" \/>\n<meta name=\"twitter:card\" content=\"summary_large_image\" \/>\n<meta name=\"twitter:label1\" content=\"Est. reading time\" \/>\n\t<meta name=\"twitter:data1\" content=\"2 minutes\" \/>\n<script type=\"application\/ld+json\" class=\"yoast-schema-graph\">{\"@context\":\"https:\\\/\\\/schema.org\",\"@graph\":[{\"@type\":\"WebPage\",\"@id\":\"https:\\\/\\\/www.loesch-ght.de\\\/en\\\/about-loesch-2\\\/\",\"url\":\"https:\\\/\\\/www.loesch-ght.de\\\/en\\\/about-loesch-2\\\/\",\"name\":\"Mould Making &#8212; L\u00d6SCH GmbH - Ihr Spritzguss Experte. Silikonspritzguss, Kunststoffspritzteile und optische Bauelemente von L\u00d6SCH\",\"isPartOf\":{\"@id\":\"https:\\\/\\\/www.loesch-ght.de\\\/en\\\/#website\"},\"datePublished\":\"2018-10-17T16:03:31+00:00\",\"dateModified\":\"2018-10-19T14:31:40+00:00\",\"breadcrumb\":{\"@id\":\"https:\\\/\\\/www.loesch-ght.de\\\/en\\\/about-loesch-2\\\/#breadcrumb\"},\"inLanguage\":\"en-US\",\"potentialAction\":[{\"@type\":\"ReadAction\",\"target\":[\"https:\\\/\\\/www.loesch-ght.de\\\/en\\\/about-loesch-2\\\/\"]}]},{\"@type\":\"BreadcrumbList\",\"@id\":\"https:\\\/\\\/www.loesch-ght.de\\\/en\\\/about-loesch-2\\\/#breadcrumb\",\"itemListElement\":[{\"@type\":\"ListItem\",\"position\":1,\"name\":\"Startseite\",\"item\":\"https:\\\/\\\/www.loesch-ght.de\\\/en\\\/\"},{\"@type\":\"ListItem\",\"position\":2,\"name\":\"Mould Making\"}]},{\"@type\":\"WebSite\",\"@id\":\"https:\\\/\\\/www.loesch-ght.de\\\/en\\\/#website\",\"url\":\"https:\\\/\\\/www.loesch-ght.de\\\/en\\\/\",\"name\":\"L\u00d6SCH GmbH - Ihr Spritzguss Experte. Silikonspritzguss, Kunststoffspritzteile und optische Bauelemente von L\u00d6SCH\",\"description\":\"Spritzguss ist unsere Leidenschaft. Wir stellen f\u00fcr Sie Silikonspritzgussteile, Kunststoffspritzteile und optische Bauelemente aus Silikon und Kunststoffen her. Auf Anfrage fertigen wir die Kunststoffteile gem\u00e4\u00df Ihren Angaben, als Einzelst\u00fcck oder vom Prototyp bis zur Serienfertigung.\",\"publisher\":{\"@id\":\"https:\\\/\\\/www.loesch-ght.de\\\/en\\\/#organization\"},\"potentialAction\":[{\"@type\":\"SearchAction\",\"target\":{\"@type\":\"EntryPoint\",\"urlTemplate\":\"https:\\\/\\\/www.loesch-ght.de\\\/en\\\/?s={search_term_string}\"},\"query-input\":{\"@type\":\"PropertyValueSpecification\",\"valueRequired\":true,\"valueName\":\"search_term_string\"}}],\"inLanguage\":\"en-US\"},{\"@type\":\"Organization\",\"@id\":\"https:\\\/\\\/www.loesch-ght.de\\\/en\\\/#organization\",\"name\":\"L\u00d6SCH GmbH\",\"url\":\"https:\\\/\\\/www.loesch-ght.de\\\/en\\\/\",\"logo\":{\"@type\":\"ImageObject\",\"inLanguage\":\"en-US\",\"@id\":\"https:\\\/\\\/www.loesch-ght.de\\\/en\\\/#\\\/schema\\\/logo\\\/image\\\/\",\"url\":\"https:\\\/\\\/cdn.loesch-ght.de\\\/wp-content\\\/uploads\\\/2018\\\/03\\\/loesch-fb-logo.jpg\",\"contentUrl\":\"https:\\\/\\\/cdn.loesch-ght.de\\\/wp-content\\\/uploads\\\/2018\\\/03\\\/loesch-fb-logo.jpg\",\"width\":200,\"height\":200,\"caption\":\"L\u00d6SCH GmbH\"},\"image\":{\"@id\":\"https:\\\/\\\/www.loesch-ght.de\\\/en\\\/#\\\/schema\\\/logo\\\/image\\\/\"},\"sameAs\":[\"https:\\\/\\\/www.facebook.com\\\/loeschgmbh\\\/\"]}]}<\/script>\n<!-- \/ Yoast SEO plugin. -->","yoast_head_json":{"title":"Mould Making &#8212; L\u00d6SCH GmbH - Ihr Spritzguss Experte. Silikonspritzguss, Kunststoffspritzteile und optische Bauelemente von L\u00d6SCH","robots":{"index":"index","follow":"follow","max-snippet":"max-snippet:-1","max-image-preview":"max-image-preview:large","max-video-preview":"max-video-preview:-1"},"canonical":"https:\/\/www.loesch-ght.de\/en\/about-loesch-2\/","og_locale":"en_US","og_type":"article","og_title":"Mould Making &#8212; L\u00d6SCH GmbH - Ihr Spritzguss Experte. Silikonspritzguss, Kunststoffspritzteile und optische Bauelemente von L\u00d6SCH","og_description":"[vc_row css_animation=&#8221;&#8221; row_type=&#8221;row&#8221; use_row_as_full_screen_section=&#8221;no&#8221; type=&#8221;grid&#8221; angled_section=&#8221;no&#8221; text_align=&#8221;left&#8221; background_image_as_pattern=&#8221;without_pattern&#8221; css=&#8221;.vc_custom_1491987987672{padding-top: 97px !important;}&#8221;][vc_column][qode_content_slider auto_rotate=&#8221;5&#8243; enable_drag=&#8221;yes&#8221; direction_nav=&#8221;no&#8221; control_nav=&#8221;yes&#8221; pause_on_hover=&#8221;no&#8221;][qode_content_slider_item][vc_row_inner row_type=&#8221;row&#8221; type=&#8221;full_width&#8221; text_align=&#8221;left&#8221; css_animation=&#8221;&#8221;][vc_column_inner offset=&#8221;vc_col-lg-4 vc_col-md-4&#8243;][vc_column_text][\/vc_column_text][vc_empty_space height=&#8221;7px&#8221;][vc_column_text] Mould Making [\/vc_column_text][vc_empty_space height=&#8221;21px&#8221;][vc_column_text]With our in-house mould making we\u2019re able to produce maximum quality. Allowing us to offer you high precision injection...","og_url":"https:\/\/www.loesch-ght.de\/en\/about-loesch-2\/","og_site_name":"L\u00d6SCH GmbH - Ihr Spritzguss Experte. Silikonspritzguss, Kunststoffspritzteile und optische Bauelemente von L\u00d6SCH","article_publisher":"https:\/\/www.facebook.com\/loeschgmbh\/","article_modified_time":"2018-10-19T14:31:40+00:00","twitter_card":"summary_large_image","twitter_misc":{"Est. reading time":"2 minutes"},"schema":{"@context":"https:\/\/schema.org","@graph":[{"@type":"WebPage","@id":"https:\/\/www.loesch-ght.de\/en\/about-loesch-2\/","url":"https:\/\/www.loesch-ght.de\/en\/about-loesch-2\/","name":"Mould Making &#8212; L\u00d6SCH GmbH - Ihr Spritzguss Experte. Silikonspritzguss, Kunststoffspritzteile und optische Bauelemente von L\u00d6SCH","isPartOf":{"@id":"https:\/\/www.loesch-ght.de\/en\/#website"},"datePublished":"2018-10-17T16:03:31+00:00","dateModified":"2018-10-19T14:31:40+00:00","breadcrumb":{"@id":"https:\/\/www.loesch-ght.de\/en\/about-loesch-2\/#breadcrumb"},"inLanguage":"en-US","potentialAction":[{"@type":"ReadAction","target":["https:\/\/www.loesch-ght.de\/en\/about-loesch-2\/"]}]},{"@type":"BreadcrumbList","@id":"https:\/\/www.loesch-ght.de\/en\/about-loesch-2\/#breadcrumb","itemListElement":[{"@type":"ListItem","position":1,"name":"Startseite","item":"https:\/\/www.loesch-ght.de\/en\/"},{"@type":"ListItem","position":2,"name":"Mould Making"}]},{"@type":"WebSite","@id":"https:\/\/www.loesch-ght.de\/en\/#website","url":"https:\/\/www.loesch-ght.de\/en\/","name":"L\u00d6SCH GmbH - Ihr Spritzguss Experte. Silikonspritzguss, Kunststoffspritzteile und optische Bauelemente von L\u00d6SCH","description":"Spritzguss ist unsere Leidenschaft. Wir stellen f\u00fcr Sie Silikonspritzgussteile, Kunststoffspritzteile und optische Bauelemente aus Silikon und Kunststoffen her. Auf Anfrage fertigen wir die Kunststoffteile gem\u00e4\u00df Ihren Angaben, als Einzelst\u00fcck oder vom Prototyp bis zur Serienfertigung.","publisher":{"@id":"https:\/\/www.loesch-ght.de\/en\/#organization"},"potentialAction":[{"@type":"SearchAction","target":{"@type":"EntryPoint","urlTemplate":"https:\/\/www.loesch-ght.de\/en\/?s={search_term_string}"},"query-input":{"@type":"PropertyValueSpecification","valueRequired":true,"valueName":"search_term_string"}}],"inLanguage":"en-US"},{"@type":"Organization","@id":"https:\/\/www.loesch-ght.de\/en\/#organization","name":"L\u00d6SCH GmbH","url":"https:\/\/www.loesch-ght.de\/en\/","logo":{"@type":"ImageObject","inLanguage":"en-US","@id":"https:\/\/www.loesch-ght.de\/en\/#\/schema\/logo\/image\/","url":"https:\/\/cdn.loesch-ght.de\/wp-content\/uploads\/2018\/03\/loesch-fb-logo.jpg","contentUrl":"https:\/\/cdn.loesch-ght.de\/wp-content\/uploads\/2018\/03\/loesch-fb-logo.jpg","width":200,"height":200,"caption":"L\u00d6SCH GmbH"},"image":{"@id":"https:\/\/www.loesch-ght.de\/en\/#\/schema\/logo\/image\/"},"sameAs":["https:\/\/www.facebook.com\/loeschgmbh\/"]}]}},"_links":{"self":[{"href":"https:\/\/www.loesch-ght.de\/en\/wp-json\/wp\/v2\/pages\/1182","targetHints":{"allow":["GET"]}}],"collection":[{"href":"https:\/\/www.loesch-ght.de\/en\/wp-json\/wp\/v2\/pages"}],"about":[{"href":"https:\/\/www.loesch-ght.de\/en\/wp-json\/wp\/v2\/types\/page"}],"author":[{"embeddable":true,"href":"https:\/\/www.loesch-ght.de\/en\/wp-json\/wp\/v2\/users\/1"}],"replies":[{"embeddable":true,"href":"https:\/\/www.loesch-ght.de\/en\/wp-json\/wp\/v2\/comments?post=1182"}],"version-history":[{"count":3,"href":"https:\/\/www.loesch-ght.de\/en\/wp-json\/wp\/v2\/pages\/1182\/revisions"}],"predecessor-version":[{"id":1263,"href":"https:\/\/www.loesch-ght.de\/en\/wp-json\/wp\/v2\/pages\/1182\/revisions\/1263"}],"wp:attachment":[{"href":"https:\/\/www.loesch-ght.de\/en\/wp-json\/wp\/v2\/media?parent=1182"}],"curies":[{"name":"wp","href":"https:\/\/api.w.org\/{rel}","templated":true}]}}