{"id":1151,"date":"2018-10-17T11:56:42","date_gmt":"2018-10-17T09:56:42","guid":{"rendered":"http:\/\/staging.loesch-ght.de\/about-loesch\/"},"modified":"2018-12-03T12:40:26","modified_gmt":"2018-12-03T11:40:26","slug":"about-loesch","status":"publish","type":"page","link":"https:\/\/www.loesch-ght.de\/en\/about-loesch\/","title":{"rendered":"About L\u00d6SCH"},"content":{"rendered":"<p>[vc_row css_animation=&#8221;&#8221; row_type=&#8221;row&#8221; use_row_as_full_screen_section=&#8221;no&#8221; type=&#8221;grid&#8221; angled_section=&#8221;no&#8221; text_align=&#8221;left&#8221; background_image_as_pattern=&#8221;without_pattern&#8221; css=&#8221;.vc_custom_1491987987672{padding-top: 97px !important;}&#8221;][vc_column][qode_content_slider auto_rotate=&#8221;5&#8243; enable_drag=&#8221;yes&#8221; direction_nav=&#8221;no&#8221; control_nav=&#8221;yes&#8221; pause_on_hover=&#8221;no&#8221;][qode_content_slider_item][vc_row_inner row_type=&#8221;row&#8221; type=&#8221;full_width&#8221; text_align=&#8221;left&#8221; css_animation=&#8221;&#8221;][vc_column_inner offset=&#8221;vc_col-lg-4 vc_col-md-4&#8243;][vc_column_text]<\/p>\n<div class=\"wpb_text_column wpb_content_element \">\n<div class=\"wpb_wrapper\">\n<h2>We\u2019re injection moulding experts<\/h2>\n<\/div>\n<\/div>\n<p>[\/vc_column_text][vc_empty_space height=&#8221;21px&#8221;][vc_column_text]<\/p>\n<div class=\"wpb_text_column wpb_content_element \">\n<div class=\"wpb_wrapper\">\n<p>At L\u00d6SCH we\u2019re known to take on challenges. Nothing motivates us as much as a project which still requires a solution for implementation. We strongly believe anything\u2019s possible. This attitude has made us the industry expert known internationally for its quality.<\/p>\n<\/div>\n<\/div>\n<p>[\/vc_column_text][vc_empty_space height=&#8221;30px&#8221;][vc_empty_space height=&#8221;40px&#8221;][\/vc_column_inner][vc_column_inner offset=&#8221;vc_col-lg-8 vc_col-md-8&#8243;][vc_empty_space height=&#8221;7px&#8221;][vc_single_image image=&#8221;1309&#8243; img_size=&#8221;full&#8221; qode_css_animation=&#8221;&#8221;][vc_empty_space height=&#8221;40px&#8221;][\/vc_column_inner][\/vc_row_inner][\/qode_content_slider_item][\/qode_content_slider][\/vc_column][\/vc_row][vc_row css_animation=&#8221;&#8221; row_type=&#8221;row&#8221; use_row_as_full_screen_section=&#8221;no&#8221; type=&#8221;grid&#8221; angled_section=&#8221;no&#8221; text_align=&#8221;left&#8221; background_image_as_pattern=&#8221;without_pattern&#8221; css=&#8221;.vc_custom_1478016476526{padding-top: 73px !important;padding-bottom: 45px !important;}&#8221;][vc_column offset=&#8221;vc_col-lg-4 vc_col-md-4&#8243;][vc_single_image image=&#8221;751&#8243; img_size=&#8221;full&#8221; qode_css_animation=&#8221;&#8221;][vc_empty_space][vc_column_text]<\/p>\n<div class=\"wpb_text_column wpb_content_element \">\n<div class=\"wpb_wrapper\">\n<h4>Quality comes at a cost<\/h4>\n<\/div>\n<\/div>\n<p>[\/vc_column_text][vc_empty_space height=&#8221;13px&#8221;][vc_column_text]<\/p>\n<div class=\"wpb_text_column wpb_content_element \">\n<div class=\"wpb_wrapper\">\n<p>To be a top performer you must be willing to overstep your limits. At L\u00d6SCH, being good isn\u2019t good enough. We\u2019re constantly questioning the current status quo of materials and machinery and use every opportunity, big or small, to improve. It may\u00a0 be exhausting. But it\u2019s worth it.<\/p>\n<\/div>\n<\/div>\n<p>[\/vc_column_text][vc_empty_space height=&#8221;60px&#8221;][\/vc_column][vc_column offset=&#8221;vc_col-lg-4 vc_col-md-4&#8243;][vc_single_image image=&#8221;749&#8243; img_size=&#8221;full&#8221; qode_css_animation=&#8221;&#8221;][vc_empty_space][vc_column_text]<\/p>\n<div class=\"wpb_text_column wpb_content_element \">\n<div class=\"wpb_wrapper\">\n<h4>Our employees<\/h4>\n<\/div>\n<\/div>\n<p>[\/vc_column_text][vc_empty_space height=&#8221;13px&#8221;][vc_column_text]<\/p>\n<div class=\"wpb_text_column wpb_content_element \">\n<div class=\"wpb_wrapper\">\n<p>It\u2019s our employees who make L\u00d6SCH what it is. Their ingenuity, their engineering skills and their commitment to delivering top performance shape the our company\u2019s culture each and every day.<\/p>\n<\/div>\n<\/div>\n<p>[\/vc_column_text][vc_empty_space height=&#8221;60px&#8221;][\/vc_column][vc_column offset=&#8221;vc_col-lg-4 vc_col-md-4&#8243;][vc_single_image image=&#8221;753&#8243; img_size=&#8221;full&#8221; qode_css_animation=&#8221;&#8221;][vc_empty_space][vc_column_text]<\/p>\n<div class=\"wpb_text_column wpb_content_element \">\n<div class=\"wpb_wrapper\">\n<h4>Industry focus<\/h4>\n<\/div>\n<\/div>\n<p>[\/vc_column_text][vc_empty_space height=&#8221;13px&#8221;][vc_column_text]<\/p>\n<div class=\"wpb_text_column wpb_content_element \">\n<div class=\"wpb_wrapper\">\n<p>Top performance requires clear focus. You need to now your raw materials, process and machinery to constantly push the limits. Of course it\u2019s also key to have a detailed understanding of the customer and his industry.<\/p>\n<\/div>\n<\/div>\n<p>[\/vc_column_text][vc_empty_space height=&#8221;60px&#8221;][\/vc_column][\/vc_row]<\/p>\n","protected":false},"excerpt":{"rendered":"<p>[vc_row css_animation=&#8221;&#8221; row_type=&#8221;row&#8221; use_row_as_full_screen_section=&#8221;no&#8221; type=&#8221;grid&#8221; angled_section=&#8221;no&#8221; text_align=&#8221;left&#8221; background_image_as_pattern=&#8221;without_pattern&#8221; css=&#8221;.vc_custom_1491987987672{padding-top: 97px !important;}&#8221;][vc_column][qode_content_slider auto_rotate=&#8221;5&#8243; enable_drag=&#8221;yes&#8221; direction_nav=&#8221;no&#8221; control_nav=&#8221;yes&#8221; pause_on_hover=&#8221;no&#8221;][qode_content_slider_item][vc_row_inner row_type=&#8221;row&#8221; type=&#8221;full_width&#8221; text_align=&#8221;left&#8221; css_animation=&#8221;&#8221;][vc_column_inner offset=&#8221;vc_col-lg-4 vc_col-md-4&#8243;][vc_column_text] We\u2019re injection moulding experts [\/vc_column_text][vc_empty_space height=&#8221;21px&#8221;][vc_column_text] At L\u00d6SCH we\u2019re known to take on challenges. Nothing motivates us as much as a project which&#8230;<\/p>\n","protected":false},"author":1,"featured_media":0,"parent":0,"menu_order":0,"comment_status":"closed","ping_status":"closed","template":"full_width.php","meta":{"footnotes":""},"class_list":["post-1151","page","type-page","status-publish","hentry"],"yoast_head":"<!-- This site is optimized with the Yoast SEO plugin v27.5 - https:\/\/yoast.com\/product\/yoast-seo-wordpress\/ -->\n<title>About L\u00d6SCH &#8212; L\u00d6SCH GmbH - Ihr Spritzguss Experte. Silikonspritzguss, Kunststoffspritzteile und optische Bauelemente von L\u00d6SCH<\/title>\n<meta name=\"robots\" content=\"index, follow, max-snippet:-1, max-image-preview:large, max-video-preview:-1\" \/>\n<link rel=\"canonical\" href=\"https:\/\/www.loesch-ght.de\/en\/about-loesch\/\" \/>\n<meta property=\"og:locale\" content=\"en_US\" \/>\n<meta property=\"og:type\" content=\"article\" \/>\n<meta property=\"og:title\" content=\"About L\u00d6SCH &#8212; L\u00d6SCH GmbH - Ihr Spritzguss Experte. Silikonspritzguss, Kunststoffspritzteile und optische Bauelemente von L\u00d6SCH\" \/>\n<meta property=\"og:description\" content=\"[vc_row css_animation=&#8221;&#8221; row_type=&#8221;row&#8221; use_row_as_full_screen_section=&#8221;no&#8221; type=&#8221;grid&#8221; angled_section=&#8221;no&#8221; text_align=&#8221;left&#8221; background_image_as_pattern=&#8221;without_pattern&#8221; css=&#8221;.vc_custom_1491987987672{padding-top: 97px !important;}&#8221;][vc_column][qode_content_slider auto_rotate=&#8221;5&#8243; enable_drag=&#8221;yes&#8221; direction_nav=&#8221;no&#8221; control_nav=&#8221;yes&#8221; pause_on_hover=&#8221;no&#8221;][qode_content_slider_item][vc_row_inner row_type=&#8221;row&#8221; type=&#8221;full_width&#8221; text_align=&#8221;left&#8221; css_animation=&#8221;&#8221;][vc_column_inner offset=&#8221;vc_col-lg-4 vc_col-md-4&#8243;][vc_column_text] We\u2019re injection moulding experts [\/vc_column_text][vc_empty_space height=&#8221;21px&#8221;][vc_column_text] At L\u00d6SCH we\u2019re known to take on challenges. Nothing motivates us as much as a project which...\" \/>\n<meta property=\"og:url\" content=\"https:\/\/www.loesch-ght.de\/en\/about-loesch\/\" \/>\n<meta property=\"og:site_name\" content=\"L\u00d6SCH GmbH - Ihr Spritzguss Experte. Silikonspritzguss, Kunststoffspritzteile und optische Bauelemente von L\u00d6SCH\" \/>\n<meta property=\"article:publisher\" content=\"https:\/\/www.facebook.com\/loeschgmbh\/\" \/>\n<meta property=\"article:modified_time\" content=\"2018-12-03T11:40:26+00:00\" \/>\n<meta name=\"twitter:card\" content=\"summary_large_image\" \/>\n<meta name=\"twitter:label1\" content=\"Est. reading time\" \/>\n\t<meta name=\"twitter:data1\" content=\"3 minutes\" \/>\n<script type=\"application\/ld+json\" class=\"yoast-schema-graph\">{\"@context\":\"https:\\\/\\\/schema.org\",\"@graph\":[{\"@type\":\"WebPage\",\"@id\":\"https:\\\/\\\/www.loesch-ght.de\\\/en\\\/about-loesch\\\/\",\"url\":\"https:\\\/\\\/www.loesch-ght.de\\\/en\\\/about-loesch\\\/\",\"name\":\"About L\u00d6SCH &#8212; L\u00d6SCH GmbH - Ihr Spritzguss Experte. Silikonspritzguss, Kunststoffspritzteile und optische Bauelemente von L\u00d6SCH\",\"isPartOf\":{\"@id\":\"https:\\\/\\\/www.loesch-ght.de\\\/en\\\/#website\"},\"datePublished\":\"2018-10-17T09:56:42+00:00\",\"dateModified\":\"2018-12-03T11:40:26+00:00\",\"breadcrumb\":{\"@id\":\"https:\\\/\\\/www.loesch-ght.de\\\/en\\\/about-loesch\\\/#breadcrumb\"},\"inLanguage\":\"en-US\",\"potentialAction\":[{\"@type\":\"ReadAction\",\"target\":[\"https:\\\/\\\/www.loesch-ght.de\\\/en\\\/about-loesch\\\/\"]}]},{\"@type\":\"BreadcrumbList\",\"@id\":\"https:\\\/\\\/www.loesch-ght.de\\\/en\\\/about-loesch\\\/#breadcrumb\",\"itemListElement\":[{\"@type\":\"ListItem\",\"position\":1,\"name\":\"Startseite\",\"item\":\"https:\\\/\\\/www.loesch-ght.de\\\/en\\\/\"},{\"@type\":\"ListItem\",\"position\":2,\"name\":\"About L\u00d6SCH\"}]},{\"@type\":\"WebSite\",\"@id\":\"https:\\\/\\\/www.loesch-ght.de\\\/en\\\/#website\",\"url\":\"https:\\\/\\\/www.loesch-ght.de\\\/en\\\/\",\"name\":\"L\u00d6SCH GmbH - Ihr Spritzguss Experte. Silikonspritzguss, Kunststoffspritzteile und optische Bauelemente von L\u00d6SCH\",\"description\":\"Spritzguss ist unsere Leidenschaft. Wir stellen f\u00fcr Sie Silikonspritzgussteile, Kunststoffspritzteile und optische Bauelemente aus Silikon und Kunststoffen her. Auf Anfrage fertigen wir die Kunststoffteile gem\u00e4\u00df Ihren Angaben, als Einzelst\u00fcck oder vom Prototyp bis zur Serienfertigung.\",\"publisher\":{\"@id\":\"https:\\\/\\\/www.loesch-ght.de\\\/en\\\/#organization\"},\"potentialAction\":[{\"@type\":\"SearchAction\",\"target\":{\"@type\":\"EntryPoint\",\"urlTemplate\":\"https:\\\/\\\/www.loesch-ght.de\\\/en\\\/?s={search_term_string}\"},\"query-input\":{\"@type\":\"PropertyValueSpecification\",\"valueRequired\":true,\"valueName\":\"search_term_string\"}}],\"inLanguage\":\"en-US\"},{\"@type\":\"Organization\",\"@id\":\"https:\\\/\\\/www.loesch-ght.de\\\/en\\\/#organization\",\"name\":\"L\u00d6SCH GmbH\",\"url\":\"https:\\\/\\\/www.loesch-ght.de\\\/en\\\/\",\"logo\":{\"@type\":\"ImageObject\",\"inLanguage\":\"en-US\",\"@id\":\"https:\\\/\\\/www.loesch-ght.de\\\/en\\\/#\\\/schema\\\/logo\\\/image\\\/\",\"url\":\"https:\\\/\\\/cdn.loesch-ght.de\\\/wp-content\\\/uploads\\\/2018\\\/03\\\/loesch-fb-logo.jpg\",\"contentUrl\":\"https:\\\/\\\/cdn.loesch-ght.de\\\/wp-content\\\/uploads\\\/2018\\\/03\\\/loesch-fb-logo.jpg\",\"width\":200,\"height\":200,\"caption\":\"L\u00d6SCH GmbH\"},\"image\":{\"@id\":\"https:\\\/\\\/www.loesch-ght.de\\\/en\\\/#\\\/schema\\\/logo\\\/image\\\/\"},\"sameAs\":[\"https:\\\/\\\/www.facebook.com\\\/loeschgmbh\\\/\"]}]}<\/script>\n<!-- \/ Yoast SEO plugin. -->","yoast_head_json":{"title":"About L\u00d6SCH &#8212; L\u00d6SCH GmbH - Ihr Spritzguss Experte. Silikonspritzguss, Kunststoffspritzteile und optische Bauelemente von L\u00d6SCH","robots":{"index":"index","follow":"follow","max-snippet":"max-snippet:-1","max-image-preview":"max-image-preview:large","max-video-preview":"max-video-preview:-1"},"canonical":"https:\/\/www.loesch-ght.de\/en\/about-loesch\/","og_locale":"en_US","og_type":"article","og_title":"About L\u00d6SCH &#8212; L\u00d6SCH GmbH - Ihr Spritzguss Experte. Silikonspritzguss, Kunststoffspritzteile und optische Bauelemente von L\u00d6SCH","og_description":"[vc_row css_animation=&#8221;&#8221; row_type=&#8221;row&#8221; use_row_as_full_screen_section=&#8221;no&#8221; type=&#8221;grid&#8221; angled_section=&#8221;no&#8221; text_align=&#8221;left&#8221; background_image_as_pattern=&#8221;without_pattern&#8221; css=&#8221;.vc_custom_1491987987672{padding-top: 97px !important;}&#8221;][vc_column][qode_content_slider auto_rotate=&#8221;5&#8243; enable_drag=&#8221;yes&#8221; direction_nav=&#8221;no&#8221; control_nav=&#8221;yes&#8221; pause_on_hover=&#8221;no&#8221;][qode_content_slider_item][vc_row_inner row_type=&#8221;row&#8221; type=&#8221;full_width&#8221; text_align=&#8221;left&#8221; css_animation=&#8221;&#8221;][vc_column_inner offset=&#8221;vc_col-lg-4 vc_col-md-4&#8243;][vc_column_text] We\u2019re injection moulding experts [\/vc_column_text][vc_empty_space height=&#8221;21px&#8221;][vc_column_text] At L\u00d6SCH we\u2019re known to take on challenges. Nothing motivates us as much as a project which...","og_url":"https:\/\/www.loesch-ght.de\/en\/about-loesch\/","og_site_name":"L\u00d6SCH GmbH - Ihr Spritzguss Experte. Silikonspritzguss, Kunststoffspritzteile und optische Bauelemente von L\u00d6SCH","article_publisher":"https:\/\/www.facebook.com\/loeschgmbh\/","article_modified_time":"2018-12-03T11:40:26+00:00","twitter_card":"summary_large_image","twitter_misc":{"Est. reading time":"3 minutes"},"schema":{"@context":"https:\/\/schema.org","@graph":[{"@type":"WebPage","@id":"https:\/\/www.loesch-ght.de\/en\/about-loesch\/","url":"https:\/\/www.loesch-ght.de\/en\/about-loesch\/","name":"About L\u00d6SCH &#8212; L\u00d6SCH GmbH - Ihr Spritzguss Experte. Silikonspritzguss, Kunststoffspritzteile und optische Bauelemente von L\u00d6SCH","isPartOf":{"@id":"https:\/\/www.loesch-ght.de\/en\/#website"},"datePublished":"2018-10-17T09:56:42+00:00","dateModified":"2018-12-03T11:40:26+00:00","breadcrumb":{"@id":"https:\/\/www.loesch-ght.de\/en\/about-loesch\/#breadcrumb"},"inLanguage":"en-US","potentialAction":[{"@type":"ReadAction","target":["https:\/\/www.loesch-ght.de\/en\/about-loesch\/"]}]},{"@type":"BreadcrumbList","@id":"https:\/\/www.loesch-ght.de\/en\/about-loesch\/#breadcrumb","itemListElement":[{"@type":"ListItem","position":1,"name":"Startseite","item":"https:\/\/www.loesch-ght.de\/en\/"},{"@type":"ListItem","position":2,"name":"About L\u00d6SCH"}]},{"@type":"WebSite","@id":"https:\/\/www.loesch-ght.de\/en\/#website","url":"https:\/\/www.loesch-ght.de\/en\/","name":"L\u00d6SCH GmbH - Ihr Spritzguss Experte. Silikonspritzguss, Kunststoffspritzteile und optische Bauelemente von L\u00d6SCH","description":"Spritzguss ist unsere Leidenschaft. Wir stellen f\u00fcr Sie Silikonspritzgussteile, Kunststoffspritzteile und optische Bauelemente aus Silikon und Kunststoffen her. Auf Anfrage fertigen wir die Kunststoffteile gem\u00e4\u00df Ihren Angaben, als Einzelst\u00fcck oder vom Prototyp bis zur Serienfertigung.","publisher":{"@id":"https:\/\/www.loesch-ght.de\/en\/#organization"},"potentialAction":[{"@type":"SearchAction","target":{"@type":"EntryPoint","urlTemplate":"https:\/\/www.loesch-ght.de\/en\/?s={search_term_string}"},"query-input":{"@type":"PropertyValueSpecification","valueRequired":true,"valueName":"search_term_string"}}],"inLanguage":"en-US"},{"@type":"Organization","@id":"https:\/\/www.loesch-ght.de\/en\/#organization","name":"L\u00d6SCH GmbH","url":"https:\/\/www.loesch-ght.de\/en\/","logo":{"@type":"ImageObject","inLanguage":"en-US","@id":"https:\/\/www.loesch-ght.de\/en\/#\/schema\/logo\/image\/","url":"https:\/\/cdn.loesch-ght.de\/wp-content\/uploads\/2018\/03\/loesch-fb-logo.jpg","contentUrl":"https:\/\/cdn.loesch-ght.de\/wp-content\/uploads\/2018\/03\/loesch-fb-logo.jpg","width":200,"height":200,"caption":"L\u00d6SCH GmbH"},"image":{"@id":"https:\/\/www.loesch-ght.de\/en\/#\/schema\/logo\/image\/"},"sameAs":["https:\/\/www.facebook.com\/loeschgmbh\/"]}]}},"_links":{"self":[{"href":"https:\/\/www.loesch-ght.de\/en\/wp-json\/wp\/v2\/pages\/1151","targetHints":{"allow":["GET"]}}],"collection":[{"href":"https:\/\/www.loesch-ght.de\/en\/wp-json\/wp\/v2\/pages"}],"about":[{"href":"https:\/\/www.loesch-ght.de\/en\/wp-json\/wp\/v2\/types\/page"}],"author":[{"embeddable":true,"href":"https:\/\/www.loesch-ght.de\/en\/wp-json\/wp\/v2\/users\/1"}],"replies":[{"embeddable":true,"href":"https:\/\/www.loesch-ght.de\/en\/wp-json\/wp\/v2\/comments?post=1151"}],"version-history":[{"count":2,"href":"https:\/\/www.loesch-ght.de\/en\/wp-json\/wp\/v2\/pages\/1151\/revisions"}],"predecessor-version":[{"id":1311,"href":"https:\/\/www.loesch-ght.de\/en\/wp-json\/wp\/v2\/pages\/1151\/revisions\/1311"}],"wp:attachment":[{"href":"https:\/\/www.loesch-ght.de\/en\/wp-json\/wp\/v2\/media?parent=1151"}],"curies":[{"name":"wp","href":"https:\/\/api.w.org\/{rel}","templated":true}]}}